{"id":8649,"date":"2024-07-17T09:36:41","date_gmt":"2024-07-17T09:36:41","guid":{"rendered":"https:\/\/marina-clinic.com\/dr-abdullah-emir\/"},"modified":"2025-09-12T16:51:37","modified_gmt":"2025-09-12T16:51:37","slug":"dr-abdullah-emir","status":"publish","type":"page","link":"https:\/\/marina-clinic.com\/fr\/dr-abdullah-emir\/","title":{"rendered":"Dr Abdullah emir"},"content":{"rendered":"\t\t<div data-elementor-type=\"wp-page\" data-elementor-id=\"8649\" class=\"elementor elementor-8649 elementor-6648\">\n\t\t\t\t<div class=\"elementor-element elementor-element-345b36e e-flex e-con-boxed wpr-particle-no wpr-jarallax-no wpr-parallax-no wpr-sticky-section-no wpr-equal-height-no e-con e-parent\" data-id=\"345b36e\" data-element_type=\"container\" data-settings=\"{&quot;background_background&quot;:&quot;classic&quot;}\">\n\t\t\t\t\t<div class=\"e-con-inner\">\n\t\t<div class=\"elementor-element elementor-element-1b9de9e e-con-full e-flex wpr-particle-no wpr-jarallax-no wpr-parallax-no wpr-sticky-section-no wpr-equal-height-no e-con e-child\" data-id=\"1b9de9e\" data-element_type=\"container\">\n\t\t\t\t<div class=\"elementor-element elementor-element-6c3e5a8 at-heading-animation at-animation-heading-style-2 elementor-widget elementor-widget-heading\" data-id=\"6c3e5a8\" data-element_type=\"widget\" data-settings=\"{&quot;ekit_we_effect_on&quot;:&quot;none&quot;}\" data-widget_type=\"heading.default\">\n\t\t\t\t<div class=\"elementor-widget-container\">\n\t\t\t\t\t<h1 class=\"elementor-heading-title elementor-size-default\"><span>Dr. Abdullah Emir <\/span><\/h1>\t\t\t\t<\/div>\n\t\t\t\t<\/div>\n\t\t\t\t<\/div>\n\t\t\t\t\t<\/div>\n\t\t\t\t<\/div>\n\t\t<div class=\"elementor-element elementor-element-40e6618 e-flex e-con-boxed wpr-particle-no wpr-jarallax-no wpr-parallax-no wpr-sticky-section-no wpr-equal-height-no e-con e-parent\" data-id=\"40e6618\" data-element_type=\"container\">\n\t\t\t\t\t<div class=\"e-con-inner\">\n\t\t<div class=\"elementor-element elementor-element-29df123 e-con-full image-anime e-flex wpr-particle-no wpr-jarallax-no wpr-parallax-no wpr-sticky-section-no wpr-equal-height-no e-con e-child\" data-id=\"29df123\" data-element_type=\"container\">\n\t\t\t\t<div class=\"elementor-element elementor-element-30f662b team-member-image at-image-animation at-animation-image-none elementor-widget elementor-widget-image\" data-id=\"30f662b\" data-element_type=\"widget\" data-settings=\"{&quot;ekit_we_effect_on&quot;:&quot;none&quot;}\" data-widget_type=\"image.default\">\n\t\t\t\t<div class=\"elementor-widget-container\">\n\t\t\t\t\t\t\t\t\t\t\t\t\t\t\t<img fetchpriority=\"high\" decoding=\"async\" width=\"900\" height=\"1028\" src=\"https:\/\/marina-clinic.com\/wp-content\/uploads\/2025\/09\/4-2.webp\" class=\"attachment-full size-full wp-image-8650\" alt=\"Clinique Marina\" srcset=\"https:\/\/marina-clinic.com\/wp-content\/uploads\/2025\/09\/4-2.webp 900w, https:\/\/marina-clinic.com\/wp-content\/uploads\/2025\/09\/4-2-263x300.webp 263w, https:\/\/marina-clinic.com\/wp-content\/uploads\/2025\/09\/4-2-896x1024.webp 896w, https:\/\/marina-clinic.com\/wp-content\/uploads\/2025\/09\/4-2-768x877.webp 768w\" sizes=\"(max-width: 900px) 100vw, 900px\" \/>\t\t\t\t\t\t\t\t\t\t\t\t\t\t\t<\/div>\n\t\t\t\t<\/div>\n\t\t\t\t<\/div>\n\t\t<div class=\"elementor-element elementor-element-2fe1ba6 e-con-full e-flex wpr-particle-no wpr-jarallax-no wpr-parallax-no wpr-sticky-section-no wpr-equal-height-no e-con e-child\" data-id=\"2fe1ba6\" data-element_type=\"container\" data-settings=\"{&quot;background_background&quot;:&quot;classic&quot;}\">\n\t\t\t\t<div class=\"elementor-element elementor-element-270bd47 elementor-invisible elementor-widget elementor-widget-icon-box\" data-id=\"270bd47\" data-element_type=\"widget\" data-settings=\"{&quot;_animation&quot;:&quot;fadeInUp&quot;,&quot;ekit_we_effect_on&quot;:&quot;none&quot;}\" data-widget_type=\"icon-box.default\">\n\t\t\t\t<div class=\"elementor-widget-container\">\n\t\t\t\t\t\t\t<div class=\"elementor-icon-box-wrapper\">\n\n\t\t\t\n\t\t\t\t\t\t<div class=\"elementor-icon-box-content\">\n\n\t\t\t\t\t\t\t\t\t<h3 class=\"elementor-icon-box-title\">\n\t\t\t\t\t\t<span  >\n\t\t\t\t\t\t\tDr Abdullah emir\t\t\t\t\t\t<\/span>\n\t\t\t\t\t<\/h3>\n\t\t\t\t\n\t\t\t\t\t\t\t\t\t<p class=\"elementor-icon-box-description\">\n\t\t\t\t\t\tDentiste\t\t\t\t\t<\/p>\n\t\t\t\t\n\t\t\t<\/div>\n\t\t\t\n\t\t<\/div>\n\t\t\t\t\t\t<\/div>\n\t\t\t\t<\/div>\n\t\t\t\t<div class=\"elementor-element elementor-element-f91a8de elementor-invisible elementor-widget elementor-widget-text-editor\" data-id=\"f91a8de\" data-element_type=\"widget\" data-settings=\"{&quot;_animation&quot;:&quot;fadeInUp&quot;,&quot;_animation_delay&quot;:100,&quot;ekit_we_effect_on&quot;:&quot;none&quot;}\" data-widget_type=\"text-editor.default\">\n\t\t\t\t<div class=\"elementor-widget-container\">\n\t\t\t\t\t\t\t\t\t<p><strong data-start=\"190\" data-end=\"211\">Dr. Abdullah Emir<\/strong> est un <strong data-start=\"236\" data-end=\"270\">chirurgien maxillo-facial<\/strong> hautement exp\u00e9riment\u00e9 \u00e0 la <strong data-start=\"274\" data-end=\"300\">Clinique Marina Istanbul<\/strong>, titulaire du prestigieux <strong data-start=\"326\" data-end=\"376\">Conseil Syrien de Chirurgie Maxillo-faciale<\/strong>. Avec une formation approfondie en <strong data-start=\"405\" data-end=\"447\">chirurgie faciale et implantologie dentaire<\/strong>, il est reconnu comme un expert de premier plan dans les interventions chirurgicales avanc\u00e9es. <\/p>\t\t\t\t\t\t\t\t<\/div>\n\t\t\t\t<\/div>\n\t\t\t\t<\/div>\n\t\t\t\t\t<\/div>\n\t\t\t\t<\/div>\n\t\t<div class=\"elementor-element elementor-element-de4bdb0 e-flex e-con-boxed wpr-particle-no wpr-jarallax-no wpr-parallax-no wpr-sticky-section-no wpr-equal-height-no e-con e-parent\" data-id=\"de4bdb0\" data-element_type=\"container\">\n\t\t\t\t\t<div class=\"e-con-inner\">\n\t\t<div class=\"elementor-element elementor-element-e74c1c2 e-con-full e-flex wpr-particle-no wpr-jarallax-no wpr-parallax-no wpr-sticky-section-no wpr-equal-height-no e-con e-child\" data-id=\"e74c1c2\" data-element_type=\"container\">\n\t\t<div class=\"elementor-element elementor-element-96f6b35 e-con-full e-flex wpr-particle-no wpr-jarallax-no wpr-parallax-no wpr-sticky-section-no wpr-equal-height-no e-con e-child\" data-id=\"96f6b35\" data-element_type=\"container\">\n\t\t<div class=\"elementor-element elementor-element-be264b9 e-con-full e-flex wpr-particle-no wpr-jarallax-no wpr-parallax-no wpr-sticky-section-no wpr-equal-height-no e-con e-child\" data-id=\"be264b9\" data-element_type=\"container\">\n\t\t\t\t<div class=\"elementor-element elementor-element-5bd0b0e at-heading-animation at-animation-heading-none elementor-invisible elementor-widget elementor-widget-heading\" data-id=\"5bd0b0e\" data-element_type=\"widget\" data-settings=\"{&quot;_animation&quot;:&quot;fadeInUp&quot;,&quot;ekit_we_effect_on&quot;:&quot;none&quot;}\" data-widget_type=\"heading.default\">\n\t\t\t\t<div class=\"elementor-widget-container\">\n\t\t\t\t\t<h2 class=\"elementor-heading-title elementor-size-default\">Informations personnelles<\/h2>\t\t\t\t<\/div>\n\t\t\t\t<\/div>\n\t\t\t\t<div class=\"elementor-element elementor-element-8a65bad elementor-widget__width-initial elementor-invisible elementor-widget elementor-widget-text-editor\" data-id=\"8a65bad\" data-element_type=\"widget\" data-settings=\"{&quot;_animation&quot;:&quot;fadeInUp&quot;,&quot;_animation_delay&quot;:100,&quot;ekit_we_effect_on&quot;:&quot;none&quot;}\" data-widget_type=\"text-editor.default\">\n\t\t\t\t<div class=\"elementor-widget-container\">\n\t\t\t\t\t\t\t\t\t<h3 data-start=\"525\" data-end=\"549\">Domaines d&#8217;expertise<\/h3>\n<p data-start=\"550\" data-end=\"576\">Dr. Emir est sp\u00e9cialis\u00e9 dans :<\/p>\n\n<ul data-start=\"577\" data-end=\"1055\">\n \t<li data-start=\"577\" data-end=\"667\">\n<p data-start=\"579\" data-end=\"667\"><strong data-start=\"579\" data-end=\"608\">R\u00e9habilitation compl\u00e8te de la bouche<\/strong> \u2013 Restauration compl\u00e8te pour la fonction et l&#8217;esth\u00e9tique.<\/p>\n<\/li>\n \t<li data-start=\"668\" data-end=\"761\">\n<p data-start=\"670\" data-end=\"761\"><strong data-start=\"670\" data-end=\"698\">Extractions des dents de sagesse<\/strong> \u2013 Extraction s\u00fbre et pr\u00e9cise des dents incluses ou probl\u00e9matiques.<\/p>\n<\/li>\n \t<li data-start=\"762\" data-end=\"858\">\n<p data-start=\"764\" data-end=\"858\"><strong data-start=\"764\" data-end=\"800\">Implants dentaires dans les cas complexes<\/strong> \u2013 Pose experte pour les patients pr\u00e9sentant des d\u00e9fis particuliers.<\/p>\n<\/li>\n \t<li data-start=\"859\" data-end=\"952\">\n<p data-start=\"861\" data-end=\"952\"><strong data-start=\"861\" data-end=\"878\">Greffe osseuse<\/strong> \u2013 Pr\u00e9paration et renforcement de la m\u00e2choire pour une pose d&#8217;implant r\u00e9ussie.<\/p>\n<\/li>\n \t<li data-start=\"953\" data-end=\"1055\">\n<p data-start=\"955\" data-end=\"1055\"><strong data-start=\"955\" data-end=\"983\">Gestion des traumatismes faciaux<\/strong> \u2013 Soins avanc\u00e9s pour les blessures affectant les dents, les m\u00e2choires et les os du visage.<\/p>\n<\/li>\n<\/ul>\n<h3 data-start=\"1057\" data-end=\"1098\">Excellence chirurgicale centr\u00e9e sur le patient<\/h3>\n<p data-start=\"1099\" data-end=\"1425\">Le Dr. Emir est reconnu pour allier <strong data-start=\"1131\" data-end=\"1177\">pr\u00e9cision chirurgicale et r\u00e9sultats esth\u00e9tiques<\/strong>, en privil\u00e9giant toujours le confort du patient, <br>la s\u00e9curit\u00e9 et les r\u00e9sultats \u00e0 long terme. Sa capacit\u00e9 \u00e0 g\u00e9rer des cas complexes de chirurgie orale a fait de lui un choix de confiance <br> pour les patients locaux et internationaux recherchant des <strong data-start=\"1376\" data-end=\"1422\">implants dentaires et de la chirurgie orale en Turquie<\/strong>. <\/p>\n\n<h3 data-start=\"1427\" data-end=\"1471\">Multilingue et reconnu internationalement<\/h3>\n<p data-start=\"1472\" data-end=\"1651\">Parlant couramment <strong data-start=\"1482\" data-end=\"1514\">l&#8217;arabe, le turc et l&#8217;anglais<\/strong>, le Dr. Emir assure une communication claire avec les patients du monde entier, <br> rendant chaque \u00e9tape du traitement sereine et transparente.<\/p>\n<p data-start=\"1653\" data-end=\"1828\">\u2728 Gr\u00e2ce \u00e0 son expertise in\u00e9gal\u00e9e, le <strong data-start=\"1685\" data-end=\"1706\">Dr. Abdullah Emir<\/strong> joue un r\u00f4le essentiel \u00e0 la <strong data-start=\"1729\" data-end=\"1746\">Clinique Marina<\/strong>, offrant des soins chirurgicaux de classe mondiale <br> qui allient fonctionnalit\u00e9 et esth\u00e9tique.<\/p>\t\t\t\t\t\t\t\t<\/div>\n\t\t\t\t<\/div>\n\t\t\t\t<\/div>\n\t\t\t\t<\/div>\n\t\t\t\t<\/div>\n\t\t\t\t\t<\/div>\n\t\t\t\t<\/div>\n\t\t\t\t<\/div>\n\t\t","protected":false},"excerpt":{"rendered":"<p>Dr. Abdullah Emir Dr Abdullah emir Dentiste Dr. Abdullah Emir est un chirurgien maxillo-facial hautement<\/p>\n","protected":false},"author":1,"featured_media":0,"parent":0,"menu_order":0,"comment_status":"closed","ping_status":"closed","template":"elementor_header_footer","meta":{"footnotes":""},"class_list":["post-8649","page","type-page","status-publish","hentry"],"yoast_head":"<!-- This site is optimized with the Yoast SEO Premium plugin v27.5 (Yoast SEO v27.5) - https:\/\/yoast.com\/product\/yoast-seo-premium-wordpress\/ -->\n<title>Dr Abdullah emir - Marina Clinic<\/title>\n<meta name=\"robots\" content=\"index, follow, max-snippet:-1, max-image-preview:large, max-video-preview:-1\" \/>\n<link rel=\"canonical\" href=\"https:\/\/marina-clinic.com\/fr\/dr-abdullah-emir\/\" \/>\n<meta property=\"og:locale\" content=\"fr_FR\" \/>\n<meta property=\"og:type\" content=\"article\" \/>\n<meta property=\"og:title\" content=\"Dr Abdullah emir\" \/>\n<meta property=\"og:description\" content=\"Dr. Abdullah Emir Dr Abdullah emir Dentiste Dr. Abdullah Emir est un chirurgien maxillo-facial hautement\" \/>\n<meta property=\"og:url\" content=\"https:\/\/marina-clinic.com\/fr\/dr-abdullah-emir\/\" \/>\n<meta property=\"og:site_name\" content=\"Marina Clinic\" \/>\n<meta property=\"article:modified_time\" content=\"2025-09-12T16:51:37+00:00\" \/>\n<meta property=\"og:image\" content=\"https:\/\/marina-clinic.com\/wp-content\/uploads\/2025\/09\/4-2.webp\" \/>\n<meta name=\"twitter:card\" content=\"summary_large_image\" \/>\n<meta name=\"twitter:label1\" content=\"Dur\u00e9e de lecture estim\u00e9e\" \/>\n\t<meta name=\"twitter:data1\" content=\"1 minute\" \/>\n<script type=\"application\/ld+json\" class=\"yoast-schema-graph\">{\"@context\":\"https:\\\/\\\/schema.org\",\"@graph\":[{\"@type\":\"WebPage\",\"@id\":\"https:\\\/\\\/marina-clinic.com\\\/fr\\\/dr-abdullah-emir\\\/\",\"url\":\"https:\\\/\\\/marina-clinic.com\\\/fr\\\/dr-abdullah-emir\\\/\",\"name\":\"Dr Abdullah emir - Marina Clinic\",\"isPartOf\":{\"@id\":\"https:\\\/\\\/marina-clinic.com\\\/fr\\\/#website\"},\"primaryImageOfPage\":{\"@id\":\"https:\\\/\\\/marina-clinic.com\\\/fr\\\/dr-abdullah-emir\\\/#primaryimage\"},\"image\":{\"@id\":\"https:\\\/\\\/marina-clinic.com\\\/fr\\\/dr-abdullah-emir\\\/#primaryimage\"},\"thumbnailUrl\":\"https:\\\/\\\/marina-clinic.com\\\/wp-content\\\/uploads\\\/2025\\\/09\\\/4-2.webp\",\"datePublished\":\"2024-07-17T09:36:41+00:00\",\"dateModified\":\"2025-09-12T16:51:37+00:00\",\"breadcrumb\":{\"@id\":\"https:\\\/\\\/marina-clinic.com\\\/fr\\\/dr-abdullah-emir\\\/#breadcrumb\"},\"inLanguage\":\"fr-FR\",\"potentialAction\":[{\"@type\":\"ReadAction\",\"target\":[\"https:\\\/\\\/marina-clinic.com\\\/fr\\\/dr-abdullah-emir\\\/\"]}]},{\"@type\":\"ImageObject\",\"inLanguage\":\"fr-FR\",\"@id\":\"https:\\\/\\\/marina-clinic.com\\\/fr\\\/dr-abdullah-emir\\\/#primaryimage\",\"url\":\"https:\\\/\\\/marina-clinic.com\\\/wp-content\\\/uploads\\\/2025\\\/09\\\/4-2.webp\",\"contentUrl\":\"https:\\\/\\\/marina-clinic.com\\\/wp-content\\\/uploads\\\/2025\\\/09\\\/4-2.webp\"},{\"@type\":\"BreadcrumbList\",\"@id\":\"https:\\\/\\\/marina-clinic.com\\\/fr\\\/dr-abdullah-emir\\\/#breadcrumb\",\"itemListElement\":[{\"@type\":\"ListItem\",\"position\":1,\"name\":\"Accueil\",\"item\":\"https:\\\/\\\/marina-clinic.com\\\/fr\\\/\"},{\"@type\":\"ListItem\",\"position\":2,\"name\":\"Dr Abdullah emir\"}]},{\"@type\":\"WebSite\",\"@id\":\"https:\\\/\\\/marina-clinic.com\\\/fr\\\/#website\",\"url\":\"https:\\\/\\\/marina-clinic.com\\\/fr\\\/\",\"name\":\"Marina Clinic\",\"description\":\"Marina Clinic \u2013 World-Class Dental Implants, Hollywood Smile, Hair transplant &amp; Cosmetic Dentistry in Turkey\",\"publisher\":{\"@id\":\"https:\\\/\\\/marina-clinic.com\\\/fr\\\/#organization\"},\"potentialAction\":[{\"@type\":\"SearchAction\",\"target\":{\"@type\":\"EntryPoint\",\"urlTemplate\":\"https:\\\/\\\/marina-clinic.com\\\/fr\\\/?s={search_term_string}\"},\"query-input\":{\"@type\":\"PropertyValueSpecification\",\"valueRequired\":true,\"valueName\":\"search_term_string\"}}],\"inLanguage\":\"fr-FR\"},{\"@type\":[\"Organization\",\"Place\"],\"@id\":\"https:\\\/\\\/marina-clinic.com\\\/fr\\\/#organization\",\"name\":\"Marina Clinic\",\"url\":\"https:\\\/\\\/marina-clinic.com\\\/fr\\\/\",\"logo\":{\"@id\":\"https:\\\/\\\/marina-clinic.com\\\/fr\\\/dr-abdullah-emir\\\/#local-main-organization-logo\"},\"image\":{\"@id\":\"https:\\\/\\\/marina-clinic.com\\\/fr\\\/dr-abdullah-emir\\\/#local-main-organization-logo\"},\"telephone\":[],\"openingHoursSpecification\":[{\"@type\":\"OpeningHoursSpecification\",\"dayOfWeek\":[\"Monday\",\"Tuesday\",\"Wednesday\",\"Thursday\",\"Friday\",\"Saturday\",\"Sunday\"],\"opens\":\"09:00\",\"closes\":\"17:00\"}]},{\"@type\":\"ImageObject\",\"inLanguage\":\"fr-FR\",\"@id\":\"https:\\\/\\\/marina-clinic.com\\\/fr\\\/dr-abdullah-emir\\\/#local-main-organization-logo\",\"url\":\"https:\\\/\\\/marina-clinic.com\\\/wp-content\\\/uploads\\\/2025\\\/09\\\/Marina-web-190-70-Logo.png\",\"contentUrl\":\"https:\\\/\\\/marina-clinic.com\\\/wp-content\\\/uploads\\\/2025\\\/09\\\/Marina-web-190-70-Logo.png\",\"width\":190,\"height\":70,\"caption\":\"Marina Clinic\"}]}<\/script>\n<!-- \/ Yoast SEO Premium plugin. -->","yoast_head_json":{"title":"Dr Abdullah emir - Marina Clinic","robots":{"index":"index","follow":"follow","max-snippet":"max-snippet:-1","max-image-preview":"max-image-preview:large","max-video-preview":"max-video-preview:-1"},"canonical":"https:\/\/marina-clinic.com\/fr\/dr-abdullah-emir\/","og_locale":"fr_FR","og_type":"article","og_title":"Dr Abdullah emir","og_description":"Dr. Abdullah Emir Dr Abdullah emir Dentiste Dr. Abdullah Emir est un chirurgien maxillo-facial hautement","og_url":"https:\/\/marina-clinic.com\/fr\/dr-abdullah-emir\/","og_site_name":"Marina Clinic","article_modified_time":"2025-09-12T16:51:37+00:00","og_image":[{"url":"https:\/\/marina-clinic.com\/wp-content\/uploads\/2025\/09\/4-2.webp","type":"","width":"","height":""}],"twitter_card":"summary_large_image","twitter_misc":{"Dur\u00e9e de lecture estim\u00e9e":"1 minute"},"schema":{"@context":"https:\/\/schema.org","@graph":[{"@type":"WebPage","@id":"https:\/\/marina-clinic.com\/fr\/dr-abdullah-emir\/","url":"https:\/\/marina-clinic.com\/fr\/dr-abdullah-emir\/","name":"Dr Abdullah emir - Marina Clinic","isPartOf":{"@id":"https:\/\/marina-clinic.com\/fr\/#website"},"primaryImageOfPage":{"@id":"https:\/\/marina-clinic.com\/fr\/dr-abdullah-emir\/#primaryimage"},"image":{"@id":"https:\/\/marina-clinic.com\/fr\/dr-abdullah-emir\/#primaryimage"},"thumbnailUrl":"https:\/\/marina-clinic.com\/wp-content\/uploads\/2025\/09\/4-2.webp","datePublished":"2024-07-17T09:36:41+00:00","dateModified":"2025-09-12T16:51:37+00:00","breadcrumb":{"@id":"https:\/\/marina-clinic.com\/fr\/dr-abdullah-emir\/#breadcrumb"},"inLanguage":"fr-FR","potentialAction":[{"@type":"ReadAction","target":["https:\/\/marina-clinic.com\/fr\/dr-abdullah-emir\/"]}]},{"@type":"ImageObject","inLanguage":"fr-FR","@id":"https:\/\/marina-clinic.com\/fr\/dr-abdullah-emir\/#primaryimage","url":"https:\/\/marina-clinic.com\/wp-content\/uploads\/2025\/09\/4-2.webp","contentUrl":"https:\/\/marina-clinic.com\/wp-content\/uploads\/2025\/09\/4-2.webp"},{"@type":"BreadcrumbList","@id":"https:\/\/marina-clinic.com\/fr\/dr-abdullah-emir\/#breadcrumb","itemListElement":[{"@type":"ListItem","position":1,"name":"Accueil","item":"https:\/\/marina-clinic.com\/fr\/"},{"@type":"ListItem","position":2,"name":"Dr Abdullah emir"}]},{"@type":"WebSite","@id":"https:\/\/marina-clinic.com\/fr\/#website","url":"https:\/\/marina-clinic.com\/fr\/","name":"Marina Clinic","description":"Marina Clinic \u2013 World-Class Dental Implants, Hollywood Smile, Hair transplant &amp; Cosmetic Dentistry in Turkey","publisher":{"@id":"https:\/\/marina-clinic.com\/fr\/#organization"},"potentialAction":[{"@type":"SearchAction","target":{"@type":"EntryPoint","urlTemplate":"https:\/\/marina-clinic.com\/fr\/?s={search_term_string}"},"query-input":{"@type":"PropertyValueSpecification","valueRequired":true,"valueName":"search_term_string"}}],"inLanguage":"fr-FR"},{"@type":["Organization","Place"],"@id":"https:\/\/marina-clinic.com\/fr\/#organization","name":"Marina Clinic","url":"https:\/\/marina-clinic.com\/fr\/","logo":{"@id":"https:\/\/marina-clinic.com\/fr\/dr-abdullah-emir\/#local-main-organization-logo"},"image":{"@id":"https:\/\/marina-clinic.com\/fr\/dr-abdullah-emir\/#local-main-organization-logo"},"telephone":[],"openingHoursSpecification":[{"@type":"OpeningHoursSpecification","dayOfWeek":["Monday","Tuesday","Wednesday","Thursday","Friday","Saturday","Sunday"],"opens":"09:00","closes":"17:00"}]},{"@type":"ImageObject","inLanguage":"fr-FR","@id":"https:\/\/marina-clinic.com\/fr\/dr-abdullah-emir\/#local-main-organization-logo","url":"https:\/\/marina-clinic.com\/wp-content\/uploads\/2025\/09\/Marina-web-190-70-Logo.png","contentUrl":"https:\/\/marina-clinic.com\/wp-content\/uploads\/2025\/09\/Marina-web-190-70-Logo.png","width":190,"height":70,"caption":"Marina Clinic"}]}},"amp_enabled":true,"_links":{"self":[{"href":"https:\/\/marina-clinic.com\/fr\/wp-json\/wp\/v2\/pages\/8649","targetHints":{"allow":["GET"]}}],"collection":[{"href":"https:\/\/marina-clinic.com\/fr\/wp-json\/wp\/v2\/pages"}],"about":[{"href":"https:\/\/marina-clinic.com\/fr\/wp-json\/wp\/v2\/types\/page"}],"author":[{"embeddable":true,"href":"https:\/\/marina-clinic.com\/fr\/wp-json\/wp\/v2\/users\/1"}],"replies":[{"embeddable":true,"href":"https:\/\/marina-clinic.com\/fr\/wp-json\/wp\/v2\/comments?post=8649"}],"version-history":[{"count":2,"href":"https:\/\/marina-clinic.com\/fr\/wp-json\/wp\/v2\/pages\/8649\/revisions"}],"predecessor-version":[{"id":8692,"href":"https:\/\/marina-clinic.com\/fr\/wp-json\/wp\/v2\/pages\/8649\/revisions\/8692"}],"wp:attachment":[{"href":"https:\/\/marina-clinic.com\/fr\/wp-json\/wp\/v2\/media?parent=8649"}],"curies":[{"name":"wp","href":"https:\/\/api.w.org\/{rel}","templated":true}]}}