{"id":8653,"date":"2024-07-17T09:34:03","date_gmt":"2024-07-17T09:34:03","guid":{"rendered":"https:\/\/marina-clinic.com\/dr-mehmet-yildiz-gungor\/"},"modified":"2025-09-12T16:50:50","modified_gmt":"2025-09-12T16:50:50","slug":"dr-mehmet-yildiz-gungor","status":"publish","type":"page","link":"https:\/\/marina-clinic.com\/fr\/dr-mehmet-yildiz-gungor\/","title":{"rendered":"Dr Mehmet Y\u0131ld\u0131z g\u00fcng\u00f6r"},"content":{"rendered":"\t\t<div data-elementor-type=\"wp-page\" data-elementor-id=\"8653\" class=\"elementor elementor-8653 elementor-6640\">\n\t\t\t\t<div class=\"elementor-element elementor-element-345b36e e-flex e-con-boxed wpr-particle-no wpr-jarallax-no wpr-parallax-no wpr-sticky-section-no wpr-equal-height-no e-con e-parent\" data-id=\"345b36e\" data-element_type=\"container\" data-settings=\"{&quot;background_background&quot;:&quot;classic&quot;}\">\n\t\t\t\t\t<div class=\"e-con-inner\">\n\t\t<div class=\"elementor-element elementor-element-1b9de9e e-con-full e-flex wpr-particle-no wpr-jarallax-no wpr-parallax-no wpr-sticky-section-no wpr-equal-height-no e-con e-child\" data-id=\"1b9de9e\" data-element_type=\"container\">\n\t\t\t\t<div class=\"elementor-element elementor-element-6c3e5a8 at-heading-animation at-animation-heading-style-2 elementor-widget elementor-widget-heading\" data-id=\"6c3e5a8\" data-element_type=\"widget\" data-settings=\"{&quot;ekit_we_effect_on&quot;:&quot;none&quot;}\" data-widget_type=\"heading.default\">\n\t\t\t\t<div class=\"elementor-widget-container\">\n\t\t\t\t\t<h1 class=\"elementor-heading-title elementor-size-default\"><span>  Dr. Mehmet Y\u0131ld\u0131z g\u00fcng\u00f6r\n <\/span><\/h1>\t\t\t\t<\/div>\n\t\t\t\t<\/div>\n\t\t\t\t<\/div>\n\t\t\t\t\t<\/div>\n\t\t\t\t<\/div>\n\t\t<div class=\"elementor-element elementor-element-40e6618 e-flex e-con-boxed wpr-particle-no wpr-jarallax-no wpr-parallax-no wpr-sticky-section-no wpr-equal-height-no e-con e-parent\" data-id=\"40e6618\" data-element_type=\"container\">\n\t\t\t\t\t<div class=\"e-con-inner\">\n\t\t<div class=\"elementor-element elementor-element-29df123 e-con-full image-anime e-flex wpr-particle-no wpr-jarallax-no wpr-parallax-no wpr-sticky-section-no wpr-equal-height-no e-con e-child\" data-id=\"29df123\" data-element_type=\"container\">\n\t\t\t\t<div class=\"elementor-element elementor-element-30f662b team-member-image at-image-animation at-animation-image-none elementor-widget elementor-widget-image\" data-id=\"30f662b\" data-element_type=\"widget\" data-settings=\"{&quot;ekit_we_effect_on&quot;:&quot;none&quot;}\" data-widget_type=\"image.default\">\n\t\t\t\t<div class=\"elementor-widget-container\">\n\t\t\t\t\t\t\t\t\t\t\t\t\t\t\t<img fetchpriority=\"high\" decoding=\"async\" width=\"900\" height=\"1028\" src=\"https:\/\/marina-clinic.com\/wp-content\/uploads\/2025\/09\/3-3.webp\" class=\"attachment-full size-full wp-image-8651\" alt=\"Clinique Marina\" srcset=\"https:\/\/marina-clinic.com\/wp-content\/uploads\/2025\/09\/3-3.webp 900w, https:\/\/marina-clinic.com\/wp-content\/uploads\/2025\/09\/3-3-263x300.webp 263w, https:\/\/marina-clinic.com\/wp-content\/uploads\/2025\/09\/3-3-896x1024.webp 896w, https:\/\/marina-clinic.com\/wp-content\/uploads\/2025\/09\/3-3-768x877.webp 768w\" sizes=\"(max-width: 900px) 100vw, 900px\" \/>\t\t\t\t\t\t\t\t\t\t\t\t\t\t\t<\/div>\n\t\t\t\t<\/div>\n\t\t\t\t<\/div>\n\t\t<div class=\"elementor-element elementor-element-2fe1ba6 e-con-full e-flex wpr-particle-no wpr-jarallax-no wpr-parallax-no wpr-sticky-section-no wpr-equal-height-no e-con e-child\" data-id=\"2fe1ba6\" data-element_type=\"container\" data-settings=\"{&quot;background_background&quot;:&quot;classic&quot;}\">\n\t\t\t\t<div class=\"elementor-element elementor-element-270bd47 elementor-invisible elementor-widget elementor-widget-icon-box\" data-id=\"270bd47\" data-element_type=\"widget\" data-settings=\"{&quot;_animation&quot;:&quot;fadeInUp&quot;,&quot;ekit_we_effect_on&quot;:&quot;none&quot;}\" data-widget_type=\"icon-box.default\">\n\t\t\t\t<div class=\"elementor-widget-container\">\n\t\t\t\t\t\t\t<div class=\"elementor-icon-box-wrapper\">\n\n\t\t\t\n\t\t\t\t\t\t<div class=\"elementor-icon-box-content\">\n\n\t\t\t\t\t\t\t\t\t<h3 class=\"elementor-icon-box-title\">\n\t\t\t\t\t\t<span  >\n\t\t\t\t\t\t\tDr Mehmet Y\u0131ld\u0131z g\u00fcng\u00f6r\t\t\t\t\t\t<\/span>\n\t\t\t\t\t<\/h3>\n\t\t\t\t\n\t\t\t\t\t\t\t\t\t<p class=\"elementor-icon-box-description\">\n\t\t\t\t\t\tDentiste\t\t\t\t\t<\/p>\n\t\t\t\t\n\t\t\t<\/div>\n\t\t\t\n\t\t<\/div>\n\t\t\t\t\t\t<\/div>\n\t\t\t\t<\/div>\n\t\t\t\t<div class=\"elementor-element elementor-element-f91a8de elementor-invisible elementor-widget elementor-widget-text-editor\" data-id=\"f91a8de\" data-element_type=\"widget\" data-settings=\"{&quot;_animation&quot;:&quot;fadeInUp&quot;,&quot;_animation_delay&quot;:100,&quot;ekit_we_effect_on&quot;:&quot;none&quot;}\" data-widget_type=\"text-editor.default\">\n\t\t\t\t<div class=\"elementor-widget-container\">\n\t\t\t\t\t\t\t\t\t<p><strong data-start=\"186\" data-end=\"214\">Dr. Mehmet Y\u0131ld\u0131z G\u00fcng\u00f6r<\/strong> est un dentiste hautement qualifi\u00e9 et attentionn\u00e9 \u00e0 la <strong data-start=\"264\" data-end=\"290\">Clinique Marina d&#8217;Istanbul<\/strong>, sp\u00e9cialis\u00e9 dans <strong data-start=\"308\" data-end=\"370\">le design du sourire, l&#8217;esth\u00e9tique dentaire et la dentisterie restauratrice<\/strong>. Dipl\u00f4m\u00e9 de l&#8217;<strong data-start=\"386\" data-end=\"408\">Universit\u00e9 Atat\u00fcrk<\/strong>, l&#8217;une des meilleures institutions turques en mati\u00e8re d&#8217;enseignement dentaire, Dr. Mehmet allie pr\u00e9cision, art et techniques modernes pour cr\u00e9er des sourires naturels et durables. <\/p>\t\t\t\t\t\t\t\t<\/div>\n\t\t\t\t<\/div>\n\t\t\t\t<\/div>\n\t\t\t\t\t<\/div>\n\t\t\t\t<\/div>\n\t\t<div class=\"elementor-element elementor-element-de4bdb0 e-flex e-con-boxed wpr-particle-no wpr-jarallax-no wpr-parallax-no wpr-sticky-section-no wpr-equal-height-no e-con e-parent\" data-id=\"de4bdb0\" data-element_type=\"container\">\n\t\t\t\t\t<div class=\"e-con-inner\">\n\t\t<div class=\"elementor-element elementor-element-e74c1c2 e-con-full e-flex wpr-particle-no wpr-jarallax-no wpr-parallax-no wpr-sticky-section-no wpr-equal-height-no e-con e-child\" data-id=\"e74c1c2\" data-element_type=\"container\">\n\t\t<div class=\"elementor-element elementor-element-96f6b35 e-con-full e-flex wpr-particle-no wpr-jarallax-no wpr-parallax-no wpr-sticky-section-no wpr-equal-height-no e-con e-child\" data-id=\"96f6b35\" data-element_type=\"container\">\n\t\t<div class=\"elementor-element elementor-element-be264b9 e-con-full e-flex wpr-particle-no wpr-jarallax-no wpr-parallax-no wpr-sticky-section-no wpr-equal-height-no e-con e-child\" data-id=\"be264b9\" data-element_type=\"container\">\n\t\t\t\t<div class=\"elementor-element elementor-element-5bd0b0e at-heading-animation at-animation-heading-none elementor-invisible elementor-widget elementor-widget-heading\" data-id=\"5bd0b0e\" data-element_type=\"widget\" data-settings=\"{&quot;_animation&quot;:&quot;fadeInUp&quot;,&quot;ekit_we_effect_on&quot;:&quot;none&quot;}\" data-widget_type=\"heading.default\">\n\t\t\t\t<div class=\"elementor-widget-container\">\n\t\t\t\t\t<h2 class=\"elementor-heading-title elementor-size-default\">Informations personnelles<\/h2>\t\t\t\t<\/div>\n\t\t\t\t<\/div>\n\t\t\t\t<div class=\"elementor-element elementor-element-8a65bad elementor-invisible elementor-widget elementor-widget-text-editor\" data-id=\"8a65bad\" data-element_type=\"widget\" data-settings=\"{&quot;_animation&quot;:&quot;fadeInUp&quot;,&quot;_animation_delay&quot;:100,&quot;ekit_we_effect_on&quot;:&quot;none&quot;}\" data-widget_type=\"text-editor.default\">\n\t\t\t\t<div class=\"elementor-widget-container\">\n\t\t\t\t\t\t\t\t\t<h3 data-start=\"571\" data-end=\"595\">Domaines d&#8217;expertise<\/h3><p data-start=\"596\" data-end=\"676\">\u00c0 la <strong data-start=\"599\" data-end=\"616\">Clinique Marina<\/strong>, Dr. Mehmet propose des traitements complets, notamment :<\/p><ul data-start=\"677\" data-end=\"1057\"><li data-start=\"677\" data-end=\"763\"><p data-start=\"679\" data-end=\"763\"><strong data-start=\"679\" data-end=\"707\">Obturations dentaires et couronnes<\/strong> \u2013 Restauration de la force et de l&#8217;esth\u00e9tique des dents endommag\u00e9es.<\/p><\/li><li data-start=\"764\" data-end=\"870\"><p data-start=\"766\" data-end=\"870\"><strong data-start=\"766\" data-end=\"808\">R\u00e9novation du sourire et conception num\u00e9rique du sourire<\/strong> \u2013 Solutions personnalis\u00e9es pour les transformations Hollywood Smile.<\/p><\/li><li data-start=\"871\" data-end=\"963\"><p data-start=\"873\" data-end=\"963\"><strong data-start=\"873\" data-end=\"902\">Facettes et blanchiment des dents<\/strong> \u2013 Am\u00e9lioration de l&#8217;\u00e9clat et de la sym\u00e9trie pour un sourire confiant.<\/p><\/li><li data-start=\"964\" data-end=\"1057\"><p data-start=\"966\" data-end=\"1057\"><strong data-start=\"966\" data-end=\"1000\">Imagerie avanc\u00e9e et diagnostics<\/strong> \u2013 Garantie de pr\u00e9cision et de confort du patient \u00e0 chaque \u00e9tape.<\/p><\/li><\/ul><h3 data-start=\"1059\" data-end=\"1090\">Approche centr\u00e9e sur le patient<\/h3><p data-start=\"1091\" data-end=\"1358\">Reconnu pour sa technique douce et son attention aux d\u00e9tails, Dr. Mehmet s&#8217;assure que chaque patient se sente \u00e0 l&#8217;aise<br>pendant le traitement. Sa capacit\u00e9 \u00e0 allier fonctionnalit\u00e9 et esth\u00e9tique lui a valu une r\u00e9putation dans la cr\u00e9ation de sourires<br>\u00e0 la fois sains et magnifiques. <\/p><h3 data-start=\"1360\" data-end=\"1383\">D\u00e9veloppement continu<\/h3><p data-start=\"1384\" data-end=\"1688\">Dr. Mehmet se consacre au d\u00e9veloppement professionnel continu, se tenant au courant des derni\u00e8res innovations en<br><strong data-start=\"1487\" data-end=\"1559\">dentisterie esth\u00e9tique, dentisterie num\u00e9rique et techniques d&#8217;implants dentaires<\/strong>. Son objectif est d&#8217;offrir des r\u00e9sultats de classe mondiale aux patients<br>locaux et internationaux recherchant des <strong data-start=\"1654\" data-end=\"1685\">traitements dentaires en Turquie<\/strong>. <\/p><p data-start=\"1690\" data-end=\"1916\">\u2728 Avec des ann\u00e9es d&#8217;exp\u00e9rience et une passion pour l&#8217;excellence, <strong data-start=\"1747\" data-end=\"1775\">Dr. Mehmet Y\u0131ld\u0131z G\u00fcng\u00f6r<\/strong> incarne l&#8217;expertise et le professionnalisme<br>qui font de la <strong data-start=\"1829\" data-end=\"1846\">Clinique Marina<\/strong> l&#8217;une des cliniques les plus r\u00e9put\u00e9es de Turquie pour les soins dentaires et esth\u00e9tiques.<\/p>\t\t\t\t\t\t\t\t<\/div>\n\t\t\t\t<\/div>\n\t\t\t\t<\/div>\n\t\t\t\t<\/div>\n\t\t\t\t<\/div>\n\t\t\t\t\t<\/div>\n\t\t\t\t<\/div>\n\t\t\t\t<\/div>\n\t\t","protected":false},"excerpt":{"rendered":"<p>Dr. Mehmet Y\u0131ld\u0131z g\u00fcng\u00f6r Dr Mehmet Y\u0131ld\u0131z g\u00fcng\u00f6r Dentiste Dr. Mehmet Y\u0131ld\u0131z G\u00fcng\u00f6r est un<\/p>\n","protected":false},"author":1,"featured_media":0,"parent":0,"menu_order":0,"comment_status":"closed","ping_status":"closed","template":"elementor_header_footer","meta":{"footnotes":""},"class_list":["post-8653","page","type-page","status-publish","hentry"],"yoast_head":"<!-- This site is optimized with the Yoast SEO Premium plugin v27.5 (Yoast SEO v27.5) - https:\/\/yoast.com\/product\/yoast-seo-premium-wordpress\/ -->\n<title>Dr Mehmet Y\u0131ld\u0131z g\u00fcng\u00f6r - Marina Clinic<\/title>\n<meta name=\"robots\" content=\"index, follow, max-snippet:-1, max-image-preview:large, max-video-preview:-1\" \/>\n<link rel=\"canonical\" href=\"https:\/\/marina-clinic.com\/fr\/dr-mehmet-yildiz-gungor\/\" \/>\n<meta property=\"og:locale\" content=\"fr_FR\" \/>\n<meta property=\"og:type\" content=\"article\" \/>\n<meta property=\"og:title\" content=\"Dr Mehmet Y\u0131ld\u0131z g\u00fcng\u00f6r\" \/>\n<meta property=\"og:description\" content=\"Dr. Mehmet Y\u0131ld\u0131z g\u00fcng\u00f6r Dr Mehmet Y\u0131ld\u0131z g\u00fcng\u00f6r Dentiste Dr. Mehmet Y\u0131ld\u0131z G\u00fcng\u00f6r est un\" \/>\n<meta property=\"og:url\" content=\"https:\/\/marina-clinic.com\/fr\/dr-mehmet-yildiz-gungor\/\" \/>\n<meta property=\"og:site_name\" content=\"Marina Clinic\" \/>\n<meta property=\"article:modified_time\" content=\"2025-09-12T16:50:50+00:00\" \/>\n<meta property=\"og:image\" content=\"https:\/\/marina-clinic.com\/wp-content\/uploads\/2025\/09\/3-3.webp\" \/>\n<meta name=\"twitter:card\" content=\"summary_large_image\" \/>\n<meta name=\"twitter:label1\" content=\"Dur\u00e9e de lecture estim\u00e9e\" \/>\n\t<meta name=\"twitter:data1\" content=\"2 minutes\" \/>\n<script type=\"application\/ld+json\" class=\"yoast-schema-graph\">{\"@context\":\"https:\\\/\\\/schema.org\",\"@graph\":[{\"@type\":\"WebPage\",\"@id\":\"https:\\\/\\\/marina-clinic.com\\\/fr\\\/dr-mehmet-yildiz-gungor\\\/\",\"url\":\"https:\\\/\\\/marina-clinic.com\\\/fr\\\/dr-mehmet-yildiz-gungor\\\/\",\"name\":\"Dr Mehmet Y\u0131ld\u0131z g\u00fcng\u00f6r - Marina Clinic\",\"isPartOf\":{\"@id\":\"https:\\\/\\\/marina-clinic.com\\\/fr\\\/#website\"},\"primaryImageOfPage\":{\"@id\":\"https:\\\/\\\/marina-clinic.com\\\/fr\\\/dr-mehmet-yildiz-gungor\\\/#primaryimage\"},\"image\":{\"@id\":\"https:\\\/\\\/marina-clinic.com\\\/fr\\\/dr-mehmet-yildiz-gungor\\\/#primaryimage\"},\"thumbnailUrl\":\"https:\\\/\\\/marina-clinic.com\\\/wp-content\\\/uploads\\\/2025\\\/09\\\/3-3.webp\",\"datePublished\":\"2024-07-17T09:34:03+00:00\",\"dateModified\":\"2025-09-12T16:50:50+00:00\",\"breadcrumb\":{\"@id\":\"https:\\\/\\\/marina-clinic.com\\\/fr\\\/dr-mehmet-yildiz-gungor\\\/#breadcrumb\"},\"inLanguage\":\"fr-FR\",\"potentialAction\":[{\"@type\":\"ReadAction\",\"target\":[\"https:\\\/\\\/marina-clinic.com\\\/fr\\\/dr-mehmet-yildiz-gungor\\\/\"]}]},{\"@type\":\"ImageObject\",\"inLanguage\":\"fr-FR\",\"@id\":\"https:\\\/\\\/marina-clinic.com\\\/fr\\\/dr-mehmet-yildiz-gungor\\\/#primaryimage\",\"url\":\"https:\\\/\\\/marina-clinic.com\\\/wp-content\\\/uploads\\\/2025\\\/09\\\/3-3.webp\",\"contentUrl\":\"https:\\\/\\\/marina-clinic.com\\\/wp-content\\\/uploads\\\/2025\\\/09\\\/3-3.webp\"},{\"@type\":\"BreadcrumbList\",\"@id\":\"https:\\\/\\\/marina-clinic.com\\\/fr\\\/dr-mehmet-yildiz-gungor\\\/#breadcrumb\",\"itemListElement\":[{\"@type\":\"ListItem\",\"position\":1,\"name\":\"Accueil\",\"item\":\"https:\\\/\\\/marina-clinic.com\\\/fr\\\/\"},{\"@type\":\"ListItem\",\"position\":2,\"name\":\"Dr Mehmet Y\u0131ld\u0131z g\u00fcng\u00f6r\"}]},{\"@type\":\"WebSite\",\"@id\":\"https:\\\/\\\/marina-clinic.com\\\/fr\\\/#website\",\"url\":\"https:\\\/\\\/marina-clinic.com\\\/fr\\\/\",\"name\":\"Marina Clinic\",\"description\":\"Marina Clinic \u2013 World-Class Dental Implants, Hollywood Smile, Hair transplant &amp; Cosmetic Dentistry in Turkey\",\"publisher\":{\"@id\":\"https:\\\/\\\/marina-clinic.com\\\/fr\\\/#organization\"},\"potentialAction\":[{\"@type\":\"SearchAction\",\"target\":{\"@type\":\"EntryPoint\",\"urlTemplate\":\"https:\\\/\\\/marina-clinic.com\\\/fr\\\/?s={search_term_string}\"},\"query-input\":{\"@type\":\"PropertyValueSpecification\",\"valueRequired\":true,\"valueName\":\"search_term_string\"}}],\"inLanguage\":\"fr-FR\"},{\"@type\":[\"Organization\",\"Place\"],\"@id\":\"https:\\\/\\\/marina-clinic.com\\\/fr\\\/#organization\",\"name\":\"Marina Clinic\",\"url\":\"https:\\\/\\\/marina-clinic.com\\\/fr\\\/\",\"logo\":{\"@id\":\"https:\\\/\\\/marina-clinic.com\\\/fr\\\/dr-mehmet-yildiz-gungor\\\/#local-main-organization-logo\"},\"image\":{\"@id\":\"https:\\\/\\\/marina-clinic.com\\\/fr\\\/dr-mehmet-yildiz-gungor\\\/#local-main-organization-logo\"},\"telephone\":[],\"openingHoursSpecification\":[{\"@type\":\"OpeningHoursSpecification\",\"dayOfWeek\":[\"Monday\",\"Tuesday\",\"Wednesday\",\"Thursday\",\"Friday\",\"Saturday\",\"Sunday\"],\"opens\":\"09:00\",\"closes\":\"17:00\"}]},{\"@type\":\"ImageObject\",\"inLanguage\":\"fr-FR\",\"@id\":\"https:\\\/\\\/marina-clinic.com\\\/fr\\\/dr-mehmet-yildiz-gungor\\\/#local-main-organization-logo\",\"url\":\"https:\\\/\\\/marina-clinic.com\\\/wp-content\\\/uploads\\\/2025\\\/09\\\/Marina-web-190-70-Logo.png\",\"contentUrl\":\"https:\\\/\\\/marina-clinic.com\\\/wp-content\\\/uploads\\\/2025\\\/09\\\/Marina-web-190-70-Logo.png\",\"width\":190,\"height\":70,\"caption\":\"Marina Clinic\"}]}<\/script>\n<!-- \/ Yoast SEO Premium plugin. -->","yoast_head_json":{"title":"Dr Mehmet Y\u0131ld\u0131z g\u00fcng\u00f6r - Marina Clinic","robots":{"index":"index","follow":"follow","max-snippet":"max-snippet:-1","max-image-preview":"max-image-preview:large","max-video-preview":"max-video-preview:-1"},"canonical":"https:\/\/marina-clinic.com\/fr\/dr-mehmet-yildiz-gungor\/","og_locale":"fr_FR","og_type":"article","og_title":"Dr Mehmet Y\u0131ld\u0131z g\u00fcng\u00f6r","og_description":"Dr. Mehmet Y\u0131ld\u0131z g\u00fcng\u00f6r Dr Mehmet Y\u0131ld\u0131z g\u00fcng\u00f6r Dentiste Dr. Mehmet Y\u0131ld\u0131z G\u00fcng\u00f6r est un","og_url":"https:\/\/marina-clinic.com\/fr\/dr-mehmet-yildiz-gungor\/","og_site_name":"Marina Clinic","article_modified_time":"2025-09-12T16:50:50+00:00","og_image":[{"url":"https:\/\/marina-clinic.com\/wp-content\/uploads\/2025\/09\/3-3.webp","type":"","width":"","height":""}],"twitter_card":"summary_large_image","twitter_misc":{"Dur\u00e9e de lecture estim\u00e9e":"2 minutes"},"schema":{"@context":"https:\/\/schema.org","@graph":[{"@type":"WebPage","@id":"https:\/\/marina-clinic.com\/fr\/dr-mehmet-yildiz-gungor\/","url":"https:\/\/marina-clinic.com\/fr\/dr-mehmet-yildiz-gungor\/","name":"Dr Mehmet Y\u0131ld\u0131z g\u00fcng\u00f6r - Marina Clinic","isPartOf":{"@id":"https:\/\/marina-clinic.com\/fr\/#website"},"primaryImageOfPage":{"@id":"https:\/\/marina-clinic.com\/fr\/dr-mehmet-yildiz-gungor\/#primaryimage"},"image":{"@id":"https:\/\/marina-clinic.com\/fr\/dr-mehmet-yildiz-gungor\/#primaryimage"},"thumbnailUrl":"https:\/\/marina-clinic.com\/wp-content\/uploads\/2025\/09\/3-3.webp","datePublished":"2024-07-17T09:34:03+00:00","dateModified":"2025-09-12T16:50:50+00:00","breadcrumb":{"@id":"https:\/\/marina-clinic.com\/fr\/dr-mehmet-yildiz-gungor\/#breadcrumb"},"inLanguage":"fr-FR","potentialAction":[{"@type":"ReadAction","target":["https:\/\/marina-clinic.com\/fr\/dr-mehmet-yildiz-gungor\/"]}]},{"@type":"ImageObject","inLanguage":"fr-FR","@id":"https:\/\/marina-clinic.com\/fr\/dr-mehmet-yildiz-gungor\/#primaryimage","url":"https:\/\/marina-clinic.com\/wp-content\/uploads\/2025\/09\/3-3.webp","contentUrl":"https:\/\/marina-clinic.com\/wp-content\/uploads\/2025\/09\/3-3.webp"},{"@type":"BreadcrumbList","@id":"https:\/\/marina-clinic.com\/fr\/dr-mehmet-yildiz-gungor\/#breadcrumb","itemListElement":[{"@type":"ListItem","position":1,"name":"Accueil","item":"https:\/\/marina-clinic.com\/fr\/"},{"@type":"ListItem","position":2,"name":"Dr Mehmet Y\u0131ld\u0131z g\u00fcng\u00f6r"}]},{"@type":"WebSite","@id":"https:\/\/marina-clinic.com\/fr\/#website","url":"https:\/\/marina-clinic.com\/fr\/","name":"Marina Clinic","description":"Marina Clinic \u2013 World-Class Dental Implants, Hollywood Smile, Hair transplant &amp; Cosmetic Dentistry in Turkey","publisher":{"@id":"https:\/\/marina-clinic.com\/fr\/#organization"},"potentialAction":[{"@type":"SearchAction","target":{"@type":"EntryPoint","urlTemplate":"https:\/\/marina-clinic.com\/fr\/?s={search_term_string}"},"query-input":{"@type":"PropertyValueSpecification","valueRequired":true,"valueName":"search_term_string"}}],"inLanguage":"fr-FR"},{"@type":["Organization","Place"],"@id":"https:\/\/marina-clinic.com\/fr\/#organization","name":"Marina Clinic","url":"https:\/\/marina-clinic.com\/fr\/","logo":{"@id":"https:\/\/marina-clinic.com\/fr\/dr-mehmet-yildiz-gungor\/#local-main-organization-logo"},"image":{"@id":"https:\/\/marina-clinic.com\/fr\/dr-mehmet-yildiz-gungor\/#local-main-organization-logo"},"telephone":[],"openingHoursSpecification":[{"@type":"OpeningHoursSpecification","dayOfWeek":["Monday","Tuesday","Wednesday","Thursday","Friday","Saturday","Sunday"],"opens":"09:00","closes":"17:00"}]},{"@type":"ImageObject","inLanguage":"fr-FR","@id":"https:\/\/marina-clinic.com\/fr\/dr-mehmet-yildiz-gungor\/#local-main-organization-logo","url":"https:\/\/marina-clinic.com\/wp-content\/uploads\/2025\/09\/Marina-web-190-70-Logo.png","contentUrl":"https:\/\/marina-clinic.com\/wp-content\/uploads\/2025\/09\/Marina-web-190-70-Logo.png","width":190,"height":70,"caption":"Marina Clinic"}]}},"amp_enabled":true,"_links":{"self":[{"href":"https:\/\/marina-clinic.com\/fr\/wp-json\/wp\/v2\/pages\/8653","targetHints":{"allow":["GET"]}}],"collection":[{"href":"https:\/\/marina-clinic.com\/fr\/wp-json\/wp\/v2\/pages"}],"about":[{"href":"https:\/\/marina-clinic.com\/fr\/wp-json\/wp\/v2\/types\/page"}],"author":[{"embeddable":true,"href":"https:\/\/marina-clinic.com\/fr\/wp-json\/wp\/v2\/users\/1"}],"replies":[{"embeddable":true,"href":"https:\/\/marina-clinic.com\/fr\/wp-json\/wp\/v2\/comments?post=8653"}],"version-history":[{"count":3,"href":"https:\/\/marina-clinic.com\/fr\/wp-json\/wp\/v2\/pages\/8653\/revisions"}],"predecessor-version":[{"id":8688,"href":"https:\/\/marina-clinic.com\/fr\/wp-json\/wp\/v2\/pages\/8653\/revisions\/8688"}],"wp:attachment":[{"href":"https:\/\/marina-clinic.com\/fr\/wp-json\/wp\/v2\/media?parent=8653"}],"curies":[{"name":"wp","href":"https:\/\/api.w.org\/{rel}","templated":true}]}}