{"id":8834,"date":"2025-09-23T14:48:27","date_gmt":"2025-09-23T14:48:27","guid":{"rendered":"https:\/\/marina-clinic.com\/institutions-sous-contrat\/"},"modified":"2026-02-06T09:09:31","modified_gmt":"2026-02-06T09:09:31","slug":"institutions-sous-contrat","status":"publish","type":"page","link":"https:\/\/marina-clinic.com\/fr\/institutions-sous-contrat\/","title":{"rendered":"Institutions sous contrat"},"content":{"rendered":"\t\t<div data-elementor-type=\"wp-page\" data-elementor-id=\"8834\" class=\"elementor elementor-8834 elementor-8807\">\n\t\t\t\t<div class=\"elementor-element elementor-element-b55929f e-flex e-con-boxed wpr-particle-no wpr-jarallax-no wpr-parallax-no wpr-sticky-section-no wpr-equal-height-no e-con e-parent\" data-id=\"b55929f\" data-element_type=\"container\">\n\t\t\t\t\t<div class=\"e-con-inner\">\n\t\t\t\t<div class=\"elementor-element elementor-element-b681d68 at-heading-animation at-animation-heading-none elementor-widget elementor-widget-heading\" data-id=\"b681d68\" data-element_type=\"widget\" data-settings=\"{&quot;ekit_we_effect_on&quot;:&quot;none&quot;}\" data-widget_type=\"heading.default\">\n\t\t\t\t<div class=\"elementor-widget-container\">\n\t\t\t\t\t<h2 class=\"elementor-heading-title elementor-size-default\"><h1 style=\"margin-top: 0px;font-weight: 500;line-height: 1.2;font-size: 2.5rem;font-family: Chapaza, sans-serif;text-align: center;margin-bottom: 1.5rem !important\">Certifi\u00e9 par T\u00fcrsab<span style=\"font-family: Poppins, sans-serif;font-size: 44px;font-weight: 700;text-align: start\"><\/span><\/h1><\/h2>\t\t\t\t<\/div>\n\t\t\t\t<\/div>\n\t\t\t\t\t<\/div>\n\t\t\t\t<\/div>\n\t\t<div class=\"elementor-element elementor-element-017f1d6 e-flex e-con-boxed wpr-particle-no wpr-jarallax-no wpr-parallax-no wpr-sticky-section-no wpr-equal-height-no e-con e-parent\" data-id=\"017f1d6\" data-element_type=\"container\">\n\t\t\t\t\t<div class=\"e-con-inner\">\n\t\t\t\t<div class=\"elementor-element elementor-element-aeb239c elementor-widget elementor-widget-text-editor\" data-id=\"aeb239c\" data-element_type=\"widget\" data-settings=\"{&quot;ekit_we_effect_on&quot;:&quot;none&quot;}\" data-widget_type=\"text-editor.default\">\n\t\t\t\t<div class=\"elementor-widget-container\">\n\t\t\t\t\t\t\t\t\t<blockquote data-start=\"667\" data-end=\"791\"><p data-start=\"669\" data-end=\"791\">Nous collaborons avec des \u00e9tablissements autoris\u00e9s en tourisme m\u00e9dical.<\/p><\/blockquote>\t\t\t\t\t\t\t\t<\/div>\n\t\t\t\t<\/div>\n\t\t\t\t\t<\/div>\n\t\t\t\t<\/div>\n\t\t<div class=\"elementor-element elementor-element-7a93f4d e-flex e-con-boxed wpr-particle-no wpr-jarallax-no wpr-parallax-no wpr-sticky-section-no wpr-equal-height-no e-con e-parent\" data-id=\"7a93f4d\" data-element_type=\"container\">\n\t\t\t\t\t<div class=\"e-con-inner\">\n\t\t\t\t<div class=\"elementor-element elementor-element-fac799a at-image-animation at-animation-image-none elementor-widget elementor-widget-image\" data-id=\"fac799a\" data-element_type=\"widget\" data-settings=\"{&quot;ekit_we_effect_on&quot;:&quot;none&quot;}\" data-widget_type=\"image.default\">\n\t\t\t\t<div class=\"elementor-widget-container\">\n\t\t\t\t\t\t\t\t\t\t\t\t\t\t\t\t<a href=\"https:\/\/www.tursab.org.tr\/\">\n\t\t\t\t\t\t\t<img fetchpriority=\"high\" decoding=\"async\" width=\"800\" height=\"600\" src=\"https:\/\/marina-clinic.com\/wp-content\/uploads\/2025\/09\/tursab.webp\" class=\"attachment-large size-large wp-image-8830\" alt=\"TURSAB\" srcset=\"https:\/\/marina-clinic.com\/wp-content\/uploads\/2025\/09\/tursab.webp 800w, https:\/\/marina-clinic.com\/wp-content\/uploads\/2025\/09\/tursab-300x225.webp 300w, https:\/\/marina-clinic.com\/wp-content\/uploads\/2025\/09\/tursab-768x576.webp 768w\" sizes=\"(max-width: 800px) 100vw, 800px\" \/>\t\t\t\t\t\t\t\t<\/a>\n\t\t\t\t\t\t\t\t\t\t\t\t\t\t\t<\/div>\n\t\t\t\t<\/div>\n\t\t\t\t\t<\/div>\n\t\t\t\t<\/div>\n\t\t<div class=\"elementor-element elementor-element-6260291 e-grid e-con-boxed wpr-particle-no wpr-jarallax-no wpr-parallax-no wpr-sticky-section-no wpr-equal-height-no e-con e-parent\" data-id=\"6260291\" data-element_type=\"container\">\n\t\t\t\t\t<div class=\"e-con-inner\">\n\t\t\t\t<div class=\"elementor-element elementor-element-73467c9 elementor-widget__width-initial at-image-animation at-animation-image-none elementor-widget elementor-widget-image\" data-id=\"73467c9\" data-element_type=\"widget\" data-settings=\"{&quot;ekit_we_effect_on&quot;:&quot;none&quot;}\" data-widget_type=\"image.default\">\n\t\t\t\t<div class=\"elementor-widget-container\">\n\t\t\t\t\t\t\t\t\t\t\t\t\t\t\t\t<a href=\"https:\/\/renewaclinic.com\/\">\n\t\t\t\t\t\t\t<img decoding=\"async\" width=\"300\" height=\"150\" src=\"https:\/\/marina-clinic.com\/wp-content\/uploads\/2025\/09\/Renewa-300x150.jpg\" class=\"attachment-medium size-medium wp-image-8831\" alt=\"\" srcset=\"https:\/\/marina-clinic.com\/wp-content\/uploads\/2025\/09\/Renewa-300x150.jpg 300w, https:\/\/marina-clinic.com\/wp-content\/uploads\/2025\/09\/Renewa.jpg 392w\" sizes=\"(max-width: 300px) 100vw, 300px\" \/>\t\t\t\t\t\t\t\t<\/a>\n\t\t\t\t\t\t\t\t\t\t\t\t\t\t\t<\/div>\n\t\t\t\t<\/div>\n\t\t\t\t<div class=\"elementor-element elementor-element-566ccdb at-image-animation at-animation-image-none elementor-widget elementor-widget-image\" data-id=\"566ccdb\" data-element_type=\"widget\" data-settings=\"{&quot;ekit_we_effect_on&quot;:&quot;none&quot;}\" data-widget_type=\"image.default\">\n\t\t\t\t<div class=\"elementor-widget-container\">\n\t\t\t\t\t\t\t\t\t\t\t\t\t\t\t\t<a href=\"https:\/\/onursezgun.com\/\">\n\t\t\t\t\t\t\t<img decoding=\"async\" width=\"300\" height=\"150\" src=\"https:\/\/marina-clinic.com\/wp-content\/uploads\/2025\/09\/Dr.-Onur-300x150.jpg\" class=\"attachment-medium size-medium wp-image-8832\" alt=\"Dr Onur\" srcset=\"https:\/\/marina-clinic.com\/wp-content\/uploads\/2025\/09\/Dr.-Onur-300x150.jpg 300w, https:\/\/marina-clinic.com\/wp-content\/uploads\/2025\/09\/Dr.-Onur.jpg 392w\" sizes=\"(max-width: 300px) 100vw, 300px\" \/>\t\t\t\t\t\t\t\t<\/a>\n\t\t\t\t\t\t\t\t\t\t\t\t\t\t\t<\/div>\n\t\t\t\t<\/div>\n\t\t\t\t<div class=\"elementor-element elementor-element-7e07d3a at-image-animation at-animation-image-none elementor-widget elementor-widget-image\" data-id=\"7e07d3a\" data-element_type=\"widget\" data-settings=\"{&quot;ekit_we_effect_on&quot;:&quot;none&quot;}\" data-widget_type=\"image.default\">\n\t\t\t\t<div class=\"elementor-widget-container\">\n\t\t\t\t\t\t\t\t\t\t\t\t\t\t\t\t<a href=\"https:\/\/renewaclinic.com\/\">\n\t\t\t\t\t\t\t<img loading=\"lazy\" decoding=\"async\" width=\"300\" height=\"150\" src=\"https:\/\/marina-clinic.com\/wp-content\/uploads\/2025\/09\/Vitrin-clinic-300x150.jpg\" class=\"attachment-medium size-medium wp-image-8833\" alt=\"\" srcset=\"https:\/\/marina-clinic.com\/wp-content\/uploads\/2025\/09\/Vitrin-clinic-300x150.jpg 300w, https:\/\/marina-clinic.com\/wp-content\/uploads\/2025\/09\/Vitrin-clinic.jpg 392w\" sizes=\"(max-width: 300px) 100vw, 300px\" \/>\t\t\t\t\t\t\t\t<\/a>\n\t\t\t\t\t\t\t\t\t\t\t\t\t\t\t<\/div>\n\t\t\t\t<\/div>\n\t\t\t\t<div class=\"elementor-element elementor-element-d4b857e at-image-animation at-animation-image-none elementor-widget elementor-widget-image\" data-id=\"d4b857e\" data-element_type=\"widget\" data-settings=\"{&quot;ekit_we_effect_on&quot;:&quot;none&quot;}\" data-widget_type=\"image.default\">\n\t\t\t\t<div class=\"elementor-widget-container\">\n\t\t\t\t\t\t\t\t\t\t\t\t\t\t\t\t<a href=\"https:\/\/birgulklinik.com\/\">\n\t\t\t\t\t\t\t<img loading=\"lazy\" decoding=\"async\" width=\"300\" height=\"126\" src=\"https:\/\/marina-clinic.com\/wp-content\/uploads\/2026\/02\/cropped-photo_2025-09-18_16-57-40-removebg-preview-1-3-1-300x126.png\" class=\"attachment-medium size-medium wp-image-11605\" alt=\"\" srcset=\"https:\/\/marina-clinic.com\/wp-content\/uploads\/2026\/02\/cropped-photo_2025-09-18_16-57-40-removebg-preview-1-3-1-300x126.png 300w, https:\/\/marina-clinic.com\/wp-content\/uploads\/2026\/02\/cropped-photo_2025-09-18_16-57-40-removebg-preview-1-3-1-768x323.png 768w, https:\/\/marina-clinic.com\/wp-content\/uploads\/2026\/02\/cropped-photo_2025-09-18_16-57-40-removebg-preview-1-3-1.png 771w\" sizes=\"(max-width: 300px) 100vw, 300px\" \/>\t\t\t\t\t\t\t\t<\/a>\n\t\t\t\t\t\t\t\t\t\t\t\t\t\t\t<\/div>\n\t\t\t\t<\/div>\n\t\t\t\t\t<\/div>\n\t\t\t\t<\/div>\n\t\t\t\t<\/div>\n\t\t","protected":false},"excerpt":{"rendered":"<p>Certifi\u00e9 par T\u00fcrsab Nous collaborons avec des \u00e9tablissements autoris\u00e9s en tourisme m\u00e9dical.<\/p>\n","protected":false},"author":1,"featured_media":0,"parent":0,"menu_order":0,"comment_status":"closed","ping_status":"closed","template":"","meta":{"footnotes":""},"class_list":["post-8834","page","type-page","status-publish","hentry"],"yoast_head":"<!-- This site is optimized with the Yoast SEO Premium plugin v27.5 (Yoast SEO v27.5) - https:\/\/yoast.com\/product\/yoast-seo-premium-wordpress\/ -->\n<title>Institutions sous contrat - Marina Clinic<\/title>\n<meta name=\"robots\" content=\"index, follow, max-snippet:-1, max-image-preview:large, max-video-preview:-1\" \/>\n<link rel=\"canonical\" href=\"https:\/\/marina-clinic.com\/fr\/institutions-sous-contrat\/\" \/>\n<meta property=\"og:locale\" content=\"fr_FR\" \/>\n<meta property=\"og:type\" content=\"article\" \/>\n<meta property=\"og:title\" content=\"Institutions sous contrat\" \/>\n<meta property=\"og:description\" content=\"Certifi\u00e9 par T\u00fcrsab Nous collaborons avec des \u00e9tablissements autoris\u00e9s en tourisme m\u00e9dical.\" \/>\n<meta property=\"og:url\" content=\"https:\/\/marina-clinic.com\/fr\/institutions-sous-contrat\/\" \/>\n<meta property=\"og:site_name\" content=\"Marina Clinic\" \/>\n<meta property=\"article:modified_time\" content=\"2026-02-06T09:09:31+00:00\" \/>\n<meta property=\"og:image\" content=\"https:\/\/marina-clinic.com\/wp-content\/uploads\/2025\/09\/tursab.webp\" \/>\n\t<meta property=\"og:image:width\" content=\"800\" \/>\n\t<meta property=\"og:image:height\" content=\"600\" \/>\n\t<meta property=\"og:image:type\" content=\"image\/webp\" \/>\n<meta name=\"twitter:card\" content=\"summary_large_image\" \/>\n<meta name=\"twitter:label1\" content=\"Dur\u00e9e de lecture estim\u00e9e\" \/>\n\t<meta name=\"twitter:data1\" content=\"2 minutes\" \/>\n<script type=\"application\/ld+json\" class=\"yoast-schema-graph\">{\"@context\":\"https:\\\/\\\/schema.org\",\"@graph\":[{\"@type\":\"WebPage\",\"@id\":\"https:\\\/\\\/marina-clinic.com\\\/fr\\\/institutions-sous-contrat\\\/\",\"url\":\"https:\\\/\\\/marina-clinic.com\\\/fr\\\/institutions-sous-contrat\\\/\",\"name\":\"Institutions sous contrat - Marina Clinic\",\"isPartOf\":{\"@id\":\"https:\\\/\\\/marina-clinic.com\\\/fr\\\/#website\"},\"primaryImageOfPage\":{\"@id\":\"https:\\\/\\\/marina-clinic.com\\\/fr\\\/institutions-sous-contrat\\\/#primaryimage\"},\"image\":{\"@id\":\"https:\\\/\\\/marina-clinic.com\\\/fr\\\/institutions-sous-contrat\\\/#primaryimage\"},\"thumbnailUrl\":\"https:\\\/\\\/marina-clinic.com\\\/wp-content\\\/uploads\\\/2025\\\/09\\\/tursab.webp\",\"datePublished\":\"2025-09-23T14:48:27+00:00\",\"dateModified\":\"2026-02-06T09:09:31+00:00\",\"breadcrumb\":{\"@id\":\"https:\\\/\\\/marina-clinic.com\\\/fr\\\/institutions-sous-contrat\\\/#breadcrumb\"},\"inLanguage\":\"fr-FR\",\"potentialAction\":[{\"@type\":\"ReadAction\",\"target\":[\"https:\\\/\\\/marina-clinic.com\\\/fr\\\/institutions-sous-contrat\\\/\"]}]},{\"@type\":\"ImageObject\",\"inLanguage\":\"fr-FR\",\"@id\":\"https:\\\/\\\/marina-clinic.com\\\/fr\\\/institutions-sous-contrat\\\/#primaryimage\",\"url\":\"https:\\\/\\\/marina-clinic.com\\\/wp-content\\\/uploads\\\/2025\\\/09\\\/tursab.webp\",\"contentUrl\":\"https:\\\/\\\/marina-clinic.com\\\/wp-content\\\/uploads\\\/2025\\\/09\\\/tursab.webp\"},{\"@type\":\"BreadcrumbList\",\"@id\":\"https:\\\/\\\/marina-clinic.com\\\/fr\\\/institutions-sous-contrat\\\/#breadcrumb\",\"itemListElement\":[{\"@type\":\"ListItem\",\"position\":1,\"name\":\"Accueil\",\"item\":\"https:\\\/\\\/marina-clinic.com\\\/fr\\\/\"},{\"@type\":\"ListItem\",\"position\":2,\"name\":\"Institutions sous contrat\"}]},{\"@type\":\"WebSite\",\"@id\":\"https:\\\/\\\/marina-clinic.com\\\/fr\\\/#website\",\"url\":\"https:\\\/\\\/marina-clinic.com\\\/fr\\\/\",\"name\":\"Marina Clinic\",\"description\":\"Marina Clinic \u2013 World-Class Dental Implants, Hollywood Smile, Hair transplant &amp; Cosmetic Dentistry in Turkey\",\"publisher\":{\"@id\":\"https:\\\/\\\/marina-clinic.com\\\/fr\\\/#organization\"},\"potentialAction\":[{\"@type\":\"SearchAction\",\"target\":{\"@type\":\"EntryPoint\",\"urlTemplate\":\"https:\\\/\\\/marina-clinic.com\\\/fr\\\/?s={search_term_string}\"},\"query-input\":{\"@type\":\"PropertyValueSpecification\",\"valueRequired\":true,\"valueName\":\"search_term_string\"}}],\"inLanguage\":\"fr-FR\"},{\"@type\":[\"Organization\",\"Place\"],\"@id\":\"https:\\\/\\\/marina-clinic.com\\\/fr\\\/#organization\",\"name\":\"Marina Clinic\",\"url\":\"https:\\\/\\\/marina-clinic.com\\\/fr\\\/\",\"logo\":{\"@id\":\"https:\\\/\\\/marina-clinic.com\\\/fr\\\/institutions-sous-contrat\\\/#local-main-organization-logo\"},\"image\":{\"@id\":\"https:\\\/\\\/marina-clinic.com\\\/fr\\\/institutions-sous-contrat\\\/#local-main-organization-logo\"},\"telephone\":[],\"openingHoursSpecification\":[{\"@type\":\"OpeningHoursSpecification\",\"dayOfWeek\":[\"Monday\",\"Tuesday\",\"Wednesday\",\"Thursday\",\"Friday\",\"Saturday\",\"Sunday\"],\"opens\":\"09:00\",\"closes\":\"17:00\"}]},{\"@type\":\"ImageObject\",\"inLanguage\":\"fr-FR\",\"@id\":\"https:\\\/\\\/marina-clinic.com\\\/fr\\\/institutions-sous-contrat\\\/#local-main-organization-logo\",\"url\":\"https:\\\/\\\/marina-clinic.com\\\/wp-content\\\/uploads\\\/2025\\\/09\\\/Marina-web-190-70-Logo.png\",\"contentUrl\":\"https:\\\/\\\/marina-clinic.com\\\/wp-content\\\/uploads\\\/2025\\\/09\\\/Marina-web-190-70-Logo.png\",\"width\":190,\"height\":70,\"caption\":\"Marina Clinic\"}]}<\/script>\n<!-- \/ Yoast SEO Premium plugin. -->","yoast_head_json":{"title":"Institutions sous contrat - Marina Clinic","robots":{"index":"index","follow":"follow","max-snippet":"max-snippet:-1","max-image-preview":"max-image-preview:large","max-video-preview":"max-video-preview:-1"},"canonical":"https:\/\/marina-clinic.com\/fr\/institutions-sous-contrat\/","og_locale":"fr_FR","og_type":"article","og_title":"Institutions sous contrat","og_description":"Certifi\u00e9 par T\u00fcrsab Nous collaborons avec des \u00e9tablissements autoris\u00e9s en tourisme m\u00e9dical.","og_url":"https:\/\/marina-clinic.com\/fr\/institutions-sous-contrat\/","og_site_name":"Marina Clinic","article_modified_time":"2026-02-06T09:09:31+00:00","og_image":[{"width":800,"height":600,"url":"https:\/\/marina-clinic.com\/wp-content\/uploads\/2025\/09\/tursab.webp","type":"image\/webp"}],"twitter_card":"summary_large_image","twitter_misc":{"Dur\u00e9e de lecture estim\u00e9e":"2 minutes"},"schema":{"@context":"https:\/\/schema.org","@graph":[{"@type":"WebPage","@id":"https:\/\/marina-clinic.com\/fr\/institutions-sous-contrat\/","url":"https:\/\/marina-clinic.com\/fr\/institutions-sous-contrat\/","name":"Institutions sous contrat - Marina Clinic","isPartOf":{"@id":"https:\/\/marina-clinic.com\/fr\/#website"},"primaryImageOfPage":{"@id":"https:\/\/marina-clinic.com\/fr\/institutions-sous-contrat\/#primaryimage"},"image":{"@id":"https:\/\/marina-clinic.com\/fr\/institutions-sous-contrat\/#primaryimage"},"thumbnailUrl":"https:\/\/marina-clinic.com\/wp-content\/uploads\/2025\/09\/tursab.webp","datePublished":"2025-09-23T14:48:27+00:00","dateModified":"2026-02-06T09:09:31+00:00","breadcrumb":{"@id":"https:\/\/marina-clinic.com\/fr\/institutions-sous-contrat\/#breadcrumb"},"inLanguage":"fr-FR","potentialAction":[{"@type":"ReadAction","target":["https:\/\/marina-clinic.com\/fr\/institutions-sous-contrat\/"]}]},{"@type":"ImageObject","inLanguage":"fr-FR","@id":"https:\/\/marina-clinic.com\/fr\/institutions-sous-contrat\/#primaryimage","url":"https:\/\/marina-clinic.com\/wp-content\/uploads\/2025\/09\/tursab.webp","contentUrl":"https:\/\/marina-clinic.com\/wp-content\/uploads\/2025\/09\/tursab.webp"},{"@type":"BreadcrumbList","@id":"https:\/\/marina-clinic.com\/fr\/institutions-sous-contrat\/#breadcrumb","itemListElement":[{"@type":"ListItem","position":1,"name":"Accueil","item":"https:\/\/marina-clinic.com\/fr\/"},{"@type":"ListItem","position":2,"name":"Institutions sous contrat"}]},{"@type":"WebSite","@id":"https:\/\/marina-clinic.com\/fr\/#website","url":"https:\/\/marina-clinic.com\/fr\/","name":"Marina Clinic","description":"Marina Clinic \u2013 World-Class Dental Implants, Hollywood Smile, Hair transplant &amp; Cosmetic Dentistry in Turkey","publisher":{"@id":"https:\/\/marina-clinic.com\/fr\/#organization"},"potentialAction":[{"@type":"SearchAction","target":{"@type":"EntryPoint","urlTemplate":"https:\/\/marina-clinic.com\/fr\/?s={search_term_string}"},"query-input":{"@type":"PropertyValueSpecification","valueRequired":true,"valueName":"search_term_string"}}],"inLanguage":"fr-FR"},{"@type":["Organization","Place"],"@id":"https:\/\/marina-clinic.com\/fr\/#organization","name":"Marina Clinic","url":"https:\/\/marina-clinic.com\/fr\/","logo":{"@id":"https:\/\/marina-clinic.com\/fr\/institutions-sous-contrat\/#local-main-organization-logo"},"image":{"@id":"https:\/\/marina-clinic.com\/fr\/institutions-sous-contrat\/#local-main-organization-logo"},"telephone":[],"openingHoursSpecification":[{"@type":"OpeningHoursSpecification","dayOfWeek":["Monday","Tuesday","Wednesday","Thursday","Friday","Saturday","Sunday"],"opens":"09:00","closes":"17:00"}]},{"@type":"ImageObject","inLanguage":"fr-FR","@id":"https:\/\/marina-clinic.com\/fr\/institutions-sous-contrat\/#local-main-organization-logo","url":"https:\/\/marina-clinic.com\/wp-content\/uploads\/2025\/09\/Marina-web-190-70-Logo.png","contentUrl":"https:\/\/marina-clinic.com\/wp-content\/uploads\/2025\/09\/Marina-web-190-70-Logo.png","width":190,"height":70,"caption":"Marina Clinic"}]}},"amp_enabled":true,"_links":{"self":[{"href":"https:\/\/marina-clinic.com\/fr\/wp-json\/wp\/v2\/pages\/8834","targetHints":{"allow":["GET"]}}],"collection":[{"href":"https:\/\/marina-clinic.com\/fr\/wp-json\/wp\/v2\/pages"}],"about":[{"href":"https:\/\/marina-clinic.com\/fr\/wp-json\/wp\/v2\/types\/page"}],"author":[{"embeddable":true,"href":"https:\/\/marina-clinic.com\/fr\/wp-json\/wp\/v2\/users\/1"}],"replies":[{"embeddable":true,"href":"https:\/\/marina-clinic.com\/fr\/wp-json\/wp\/v2\/comments?post=8834"}],"version-history":[{"count":7,"href":"https:\/\/marina-clinic.com\/fr\/wp-json\/wp\/v2\/pages\/8834\/revisions"}],"predecessor-version":[{"id":11609,"href":"https:\/\/marina-clinic.com\/fr\/wp-json\/wp\/v2\/pages\/8834\/revisions\/11609"}],"wp:attachment":[{"href":"https:\/\/marina-clinic.com\/fr\/wp-json\/wp\/v2\/media?parent=8834"}],"curies":[{"name":"wp","href":"https:\/\/api.w.org\/{rel}","templated":true}]}}