{"id":9009,"date":"2024-07-17T09:36:41","date_gmt":"2024-07-17T09:36:41","guid":{"rendered":"https:\/\/marina-clinic.com\/dr-abdullah-emir\/"},"modified":"2025-09-23T16:29:29","modified_gmt":"2025-09-23T16:29:29","slug":"dr-abdullah-emir","status":"publish","type":"page","link":"https:\/\/marina-clinic.com\/tr\/dr-abdullah-emir\/","title":{"rendered":"Dr. Abdullah Emir"},"content":{"rendered":"\t\t<div data-elementor-type=\"wp-page\" data-elementor-id=\"9009\" class=\"elementor elementor-9009 elementor-6648\">\n\t\t\t\t<div class=\"elementor-element elementor-element-345b36e e-flex e-con-boxed wpr-particle-no wpr-jarallax-no wpr-parallax-no wpr-sticky-section-no wpr-equal-height-no e-con e-parent\" data-id=\"345b36e\" data-element_type=\"container\" data-settings=\"{&quot;background_background&quot;:&quot;classic&quot;}\">\n\t\t\t\t\t<div class=\"e-con-inner\">\n\t\t<div class=\"elementor-element elementor-element-1b9de9e e-con-full e-flex wpr-particle-no wpr-jarallax-no wpr-parallax-no wpr-sticky-section-no wpr-equal-height-no e-con e-child\" data-id=\"1b9de9e\" data-element_type=\"container\">\n\t\t\t\t<div class=\"elementor-element elementor-element-6c3e5a8 at-heading-animation at-animation-heading-style-2 elementor-widget elementor-widget-heading\" data-id=\"6c3e5a8\" data-element_type=\"widget\" data-settings=\"{&quot;ekit_we_effect_on&quot;:&quot;none&quot;}\" data-widget_type=\"heading.default\">\n\t\t\t\t<div class=\"elementor-widget-container\">\n\t\t\t\t\t<h1 class=\"elementor-heading-title elementor-size-default\"><span>Dr. Abdullah Emir <\/span><\/h1>\t\t\t\t<\/div>\n\t\t\t\t<\/div>\n\t\t\t\t<\/div>\n\t\t\t\t\t<\/div>\n\t\t\t\t<\/div>\n\t\t<div class=\"elementor-element elementor-element-40e6618 e-flex e-con-boxed wpr-particle-no wpr-jarallax-no wpr-parallax-no wpr-sticky-section-no wpr-equal-height-no e-con e-parent\" data-id=\"40e6618\" data-element_type=\"container\">\n\t\t\t\t\t<div class=\"e-con-inner\">\n\t\t<div class=\"elementor-element elementor-element-29df123 e-con-full image-anime e-flex wpr-particle-no wpr-jarallax-no wpr-parallax-no wpr-sticky-section-no wpr-equal-height-no e-con e-child\" data-id=\"29df123\" data-element_type=\"container\">\n\t\t\t\t<div class=\"elementor-element elementor-element-30f662b team-member-image at-image-animation at-animation-image-none elementor-widget elementor-widget-image\" data-id=\"30f662b\" data-element_type=\"widget\" data-settings=\"{&quot;ekit_we_effect_on&quot;:&quot;none&quot;}\" data-widget_type=\"image.default\">\n\t\t\t\t<div class=\"elementor-widget-container\">\n\t\t\t\t\t\t\t\t\t\t\t\t\t\t\t<img fetchpriority=\"high\" decoding=\"async\" width=\"900\" height=\"1028\" src=\"https:\/\/marina-clinic.com\/wp-content\/uploads\/2025\/09\/4-2.webp\" class=\"attachment-full size-full wp-image-9008\" alt=\"Marina klini\u011fi\" srcset=\"https:\/\/marina-clinic.com\/wp-content\/uploads\/2025\/09\/4-2.webp 900w, https:\/\/marina-clinic.com\/wp-content\/uploads\/2025\/09\/4-2-263x300.webp 263w, https:\/\/marina-clinic.com\/wp-content\/uploads\/2025\/09\/4-2-896x1024.webp 896w, https:\/\/marina-clinic.com\/wp-content\/uploads\/2025\/09\/4-2-768x877.webp 768w\" sizes=\"(max-width: 900px) 100vw, 900px\" \/>\t\t\t\t\t\t\t\t\t\t\t\t\t\t\t<\/div>\n\t\t\t\t<\/div>\n\t\t\t\t<\/div>\n\t\t<div class=\"elementor-element elementor-element-2fe1ba6 e-con-full e-flex wpr-particle-no wpr-jarallax-no wpr-parallax-no wpr-sticky-section-no wpr-equal-height-no e-con e-child\" data-id=\"2fe1ba6\" data-element_type=\"container\" data-settings=\"{&quot;background_background&quot;:&quot;classic&quot;}\">\n\t\t\t\t<div class=\"elementor-element elementor-element-270bd47 elementor-invisible elementor-widget elementor-widget-icon-box\" data-id=\"270bd47\" data-element_type=\"widget\" data-settings=\"{&quot;_animation&quot;:&quot;fadeInUp&quot;,&quot;ekit_we_effect_on&quot;:&quot;none&quot;}\" data-widget_type=\"icon-box.default\">\n\t\t\t\t<div class=\"elementor-widget-container\">\n\t\t\t\t\t\t\t<div class=\"elementor-icon-box-wrapper\">\n\n\t\t\t\n\t\t\t\t\t\t<div class=\"elementor-icon-box-content\">\n\n\t\t\t\t\t\t\t\t\t<h3 class=\"elementor-icon-box-title\">\n\t\t\t\t\t\t<span  >\n\t\t\t\t\t\t\tDr. Abdullah Emir\t\t\t\t\t\t<\/span>\n\t\t\t\t\t<\/h3>\n\t\t\t\t\n\t\t\t\t\t\t\t\t\t<p class=\"elementor-icon-box-description\">\n\t\t\t\t\t\tDi\u015f Hekimi\t\t\t\t\t<\/p>\n\t\t\t\t\n\t\t\t<\/div>\n\t\t\t\n\t\t<\/div>\n\t\t\t\t\t\t<\/div>\n\t\t\t\t<\/div>\n\t\t\t\t<div class=\"elementor-element elementor-element-f91a8de elementor-invisible elementor-widget elementor-widget-text-editor\" data-id=\"f91a8de\" data-element_type=\"widget\" data-settings=\"{&quot;_animation&quot;:&quot;fadeInUp&quot;,&quot;_animation_delay&quot;:100,&quot;ekit_we_effect_on&quot;:&quot;none&quot;}\" data-widget_type=\"text-editor.default\">\n\t\t\t\t<div class=\"elementor-widget-container\">\n\t\t\t\t\t\t\t\t\t<p><strong data-start=\"190\" data-end=\"211\">Dr. Abdullah Emir<\/strong>, <strong data-start=\"274\" data-end=\"300\">Marina Clinic \u0130stanbul<\/strong>&#8216;da g\u00f6rev yapan, sayg\u0131n <strong data-start=\"326\" data-end=\"376\">Suriye A\u011f\u0131z ve \u00c7ene-Y\u00fcz Cerrahisi Kurulu<\/strong> sertifikas\u0131na sahip, olduk\u00e7a deneyimli bir <strong data-start=\"236\" data-end=\"270\">a\u011f\u0131z ve \u00e7ene-y\u00fcz cerrah\u0131d\u0131r<\/strong>. <strong data-start=\"405\" data-end=\"447\">Y\u00fcz cerrahisi ve dental implantoloji<\/strong> alanlar\u0131nda kapsaml\u0131 e\u011fitim alm\u0131\u015f olup, ileri cerrahi m\u00fcdahaleler konusunda \u00f6nde gelen bir uzman olarak tan\u0131nmaktad\u0131r. <\/p>\t\t\t\t\t\t\t\t<\/div>\n\t\t\t\t<\/div>\n\t\t\t\t<\/div>\n\t\t\t\t\t<\/div>\n\t\t\t\t<\/div>\n\t\t<div class=\"elementor-element elementor-element-de4bdb0 e-flex e-con-boxed wpr-particle-no wpr-jarallax-no wpr-parallax-no wpr-sticky-section-no wpr-equal-height-no e-con e-parent\" data-id=\"de4bdb0\" data-element_type=\"container\">\n\t\t\t\t\t<div class=\"e-con-inner\">\n\t\t<div class=\"elementor-element elementor-element-e74c1c2 e-con-full e-flex wpr-particle-no wpr-jarallax-no wpr-parallax-no wpr-sticky-section-no wpr-equal-height-no e-con e-child\" data-id=\"e74c1c2\" data-element_type=\"container\">\n\t\t<div class=\"elementor-element elementor-element-96f6b35 e-con-full e-flex wpr-particle-no wpr-jarallax-no wpr-parallax-no wpr-sticky-section-no wpr-equal-height-no e-con e-child\" data-id=\"96f6b35\" data-element_type=\"container\">\n\t\t<div class=\"elementor-element elementor-element-be264b9 e-con-full e-flex wpr-particle-no wpr-jarallax-no wpr-parallax-no wpr-sticky-section-no wpr-equal-height-no e-con e-child\" data-id=\"be264b9\" data-element_type=\"container\">\n\t\t\t\t<div class=\"elementor-element elementor-element-5bd0b0e at-heading-animation at-animation-heading-none elementor-invisible elementor-widget elementor-widget-heading\" data-id=\"5bd0b0e\" data-element_type=\"widget\" data-settings=\"{&quot;_animation&quot;:&quot;fadeInUp&quot;,&quot;ekit_we_effect_on&quot;:&quot;none&quot;}\" data-widget_type=\"heading.default\">\n\t\t\t\t<div class=\"elementor-widget-container\">\n\t\t\t\t\t<h2 class=\"elementor-heading-title elementor-size-default\">Ki\u015fisel bilgiler<\/h2>\t\t\t\t<\/div>\n\t\t\t\t<\/div>\n\t\t\t\t<div class=\"elementor-element elementor-element-8a65bad elementor-widget__width-initial elementor-invisible elementor-widget elementor-widget-text-editor\" data-id=\"8a65bad\" data-element_type=\"widget\" data-settings=\"{&quot;_animation&quot;:&quot;fadeInUp&quot;,&quot;_animation_delay&quot;:100,&quot;ekit_we_effect_on&quot;:&quot;none&quot;}\" data-widget_type=\"text-editor.default\">\n\t\t\t\t<div class=\"elementor-widget-container\">\n\t\t\t\t\t\t\t\t\t<h3 data-start=\"525\" data-end=\"549\">Uzmanl\u0131k alanlar\u0131<\/h3>\n<p data-start=\"550\" data-end=\"576\">Dr. Emir&#8217;in uzmanl\u0131k alanlar\u0131:<\/p>\n\n<ul data-start=\"577\" data-end=\"1055\">\n \t<li data-start=\"577\" data-end=\"667\">\n<p data-start=\"579\" data-end=\"667\"><strong data-start=\"579\" data-end=\"608\">Tam A\u011f\u0131z Rehabilitasyonu<\/strong> \u2013 Fonksiyon ve esteti\u011fi kapsayan kapsaml\u0131 restorasyon.<\/p>\n<\/li>\n \t<li data-start=\"668\" data-end=\"761\">\n<p data-start=\"670\" data-end=\"761\"><strong data-start=\"670\" data-end=\"698\">Yirmi Ya\u015f Di\u015fi \u00c7ekimi<\/strong> \u2013 G\u00f6m\u00fcl\u00fc veya sorunlu di\u015flerin g\u00fcvenli ve hassas \u00e7ekimi.<\/p>\n<\/li>\n \t<li data-start=\"762\" data-end=\"858\">\n<p data-start=\"764\" data-end=\"858\"><strong data-start=\"764\" data-end=\"800\">Karma\u015f\u0131k Vakalarda Dental \u0130mplant<\/strong> \u2013 \u00d6zel durumlar\u0131 olan hastalar i\u00e7in uzman implant yerle\u015fimi.<\/p>\n<\/li>\n \t<li data-start=\"859\" data-end=\"952\">\n<p data-start=\"861\" data-end=\"952\"><strong data-start=\"861\" data-end=\"878\">Kemik Grefti<\/strong> \u2013 Ba\u015far\u0131l\u0131 implant yerle\u015fimi i\u00e7in \u00e7ene kemi\u011finin haz\u0131rlanmas\u0131 ve g\u00fc\u00e7lendirilmesi.<\/p>\n<\/li>\n \t<li data-start=\"953\" data-end=\"1055\">\n<p data-start=\"955\" data-end=\"1055\"><strong data-start=\"955\" data-end=\"983\">Y\u00fcz Travmas\u0131 Y\u00f6netimi<\/strong> \u2013 Di\u015f, \u00e7ene ve y\u00fcz kemiklerini etkileyen yaralanmalarda ileri d\u00fczey bak\u0131m.<\/p>\n<\/li>\n<\/ul>\n<h3 data-start=\"1057\" data-end=\"1098\">Hasta odakl\u0131 cerrahi m\u00fckemmellik<\/h3>\n<p data-start=\"1099\" data-end=\"1425\">Dr. Emir, <strong data-start=\"1131\" data-end=\"1177\">cerrahi hassasiyeti estetik sonu\u00e7larla<\/strong> birle\u015ftirmesiyle tan\u0131n\u0131r ve her zaman hasta konforunu, g\u00fcvenli\u011fini ve uzun vadeli sonu\u00e7lar\u0131 \u00f6nceliklendirir. Karma\u015f\u0131k a\u011f\u0131z cerrahisi vakalar\u0131n\u0131 y\u00f6netmedeki becerisi, <strong data-start=\"1376\" data-end=\"1422\">T\u00fcrkiye&#8217;de dental implant ve a\u011f\u0131z cerrahisi<\/strong> arayan hem yerel hem de uluslararas\u0131 hastalar\u0131n g\u00fcvenilir tercihi olmas\u0131n\u0131 sa\u011flam\u0131\u015ft\u0131r.<\/p>\n\n<h3 data-start=\"1427\" data-end=\"1471\">\u00c7ok dilli ve uluslararas\u0131 g\u00fcvenilirlik<\/h3>\n<p data-start=\"1472\" data-end=\"1651\"><strong data-start=\"1482\" data-end=\"1514\">Arap\u00e7a, T\u00fcrk\u00e7e ve \u0130ngilizce<\/strong> dillerinde ak\u0131c\u0131 olan Dr. Emir, d\u00fcnyan\u0131n d\u00f6rt bir yan\u0131ndan gelen hastalarla net ileti\u015fim kurarak tedavinin her a\u015famas\u0131n\u0131 stressiz ve \u015feffaf hale getirir.<\/p>\n<p data-start=\"1653\" data-end=\"1828\">\u2728 E\u015fsiz uzmanl\u0131\u011f\u0131yla <strong data-start=\"1685\" data-end=\"1706\">Dr. Abdullah Emir<\/strong>, <strong data-start=\"1729\" data-end=\"1746\">Marina Clinic<\/strong>&#8216;te i\u015flevselli\u011fi estetikle birle\u015ftiren d\u00fcnya standartlar\u0131nda cerrahi bak\u0131m sunarak hayati bir rol oynamaktad\u0131r.<\/p>\t\t\t\t\t\t\t\t<\/div>\n\t\t\t\t<\/div>\n\t\t\t\t<\/div>\n\t\t\t\t<\/div>\n\t\t\t\t<\/div>\n\t\t\t\t\t<\/div>\n\t\t\t\t<\/div>\n\t\t\t\t<\/div>\n\t\t","protected":false},"excerpt":{"rendered":"<p>Dr. Abdullah Emir Dr. Abdullah Emir Di\u015f Hekimi Dr. Abdullah Emir, Marina Clinic \u0130stanbul&#8216;da g\u00f6rev<\/p>\n","protected":false},"author":1,"featured_media":0,"parent":0,"menu_order":0,"comment_status":"closed","ping_status":"closed","template":"elementor_header_footer","meta":{"footnotes":""},"class_list":["post-9009","page","type-page","status-publish","hentry"],"yoast_head":"<!-- This site is optimized with the Yoast SEO Premium plugin v27.5 (Yoast SEO v27.5) - https:\/\/yoast.com\/product\/yoast-seo-premium-wordpress\/ -->\n<title>Dr. Abdullah Emir - Marina Clinic<\/title>\n<meta name=\"robots\" content=\"index, follow, max-snippet:-1, max-image-preview:large, max-video-preview:-1\" \/>\n<link rel=\"canonical\" href=\"https:\/\/marina-clinic.com\/tr\/dr-abdullah-emir\/\" \/>\n<meta property=\"og:locale\" content=\"tr_TR\" \/>\n<meta property=\"og:type\" content=\"article\" \/>\n<meta property=\"og:title\" content=\"Dr. Abdullah Emir\" \/>\n<meta property=\"og:description\" content=\"Dr. Abdullah Emir Dr. Abdullah Emir Di\u015f Hekimi Dr. Abdullah Emir, Marina Clinic \u0130stanbul&#8216;da g\u00f6rev\" \/>\n<meta property=\"og:url\" content=\"https:\/\/marina-clinic.com\/tr\/dr-abdullah-emir\/\" \/>\n<meta property=\"og:site_name\" content=\"Marina Clinic\" \/>\n<meta property=\"article:modified_time\" content=\"2025-09-23T16:29:29+00:00\" \/>\n<meta property=\"og:image\" content=\"https:\/\/marina-clinic.com\/wp-content\/uploads\/2025\/09\/4-2.webp\" \/>\n<meta name=\"twitter:card\" content=\"summary_large_image\" \/>\n<meta name=\"twitter:label1\" content=\"Tahmini okuma s\u00fcresi\" \/>\n\t<meta name=\"twitter:data1\" content=\"1 dakika\" \/>\n<script type=\"application\/ld+json\" class=\"yoast-schema-graph\">{\"@context\":\"https:\\\/\\\/schema.org\",\"@graph\":[{\"@type\":\"WebPage\",\"@id\":\"https:\\\/\\\/marina-clinic.com\\\/tr\\\/dr-abdullah-emir\\\/\",\"url\":\"https:\\\/\\\/marina-clinic.com\\\/tr\\\/dr-abdullah-emir\\\/\",\"name\":\"Dr. Abdullah Emir - Marina Clinic\",\"isPartOf\":{\"@id\":\"https:\\\/\\\/marina-clinic.com\\\/tr\\\/#website\"},\"primaryImageOfPage\":{\"@id\":\"https:\\\/\\\/marina-clinic.com\\\/tr\\\/dr-abdullah-emir\\\/#primaryimage\"},\"image\":{\"@id\":\"https:\\\/\\\/marina-clinic.com\\\/tr\\\/dr-abdullah-emir\\\/#primaryimage\"},\"thumbnailUrl\":\"https:\\\/\\\/marina-clinic.com\\\/wp-content\\\/uploads\\\/2025\\\/09\\\/4-2.webp\",\"datePublished\":\"2024-07-17T09:36:41+00:00\",\"dateModified\":\"2025-09-23T16:29:29+00:00\",\"breadcrumb\":{\"@id\":\"https:\\\/\\\/marina-clinic.com\\\/tr\\\/dr-abdullah-emir\\\/#breadcrumb\"},\"inLanguage\":\"tr\",\"potentialAction\":[{\"@type\":\"ReadAction\",\"target\":[\"https:\\\/\\\/marina-clinic.com\\\/tr\\\/dr-abdullah-emir\\\/\"]}]},{\"@type\":\"ImageObject\",\"inLanguage\":\"tr\",\"@id\":\"https:\\\/\\\/marina-clinic.com\\\/tr\\\/dr-abdullah-emir\\\/#primaryimage\",\"url\":\"https:\\\/\\\/marina-clinic.com\\\/wp-content\\\/uploads\\\/2025\\\/09\\\/4-2.webp\",\"contentUrl\":\"https:\\\/\\\/marina-clinic.com\\\/wp-content\\\/uploads\\\/2025\\\/09\\\/4-2.webp\"},{\"@type\":\"BreadcrumbList\",\"@id\":\"https:\\\/\\\/marina-clinic.com\\\/tr\\\/dr-abdullah-emir\\\/#breadcrumb\",\"itemListElement\":[{\"@type\":\"ListItem\",\"position\":1,\"name\":\"Anasayfa\",\"item\":\"https:\\\/\\\/marina-clinic.com\\\/tr\\\/\"},{\"@type\":\"ListItem\",\"position\":2,\"name\":\"Dr. Abdullah Emir\"}]},{\"@type\":\"WebSite\",\"@id\":\"https:\\\/\\\/marina-clinic.com\\\/tr\\\/#website\",\"url\":\"https:\\\/\\\/marina-clinic.com\\\/tr\\\/\",\"name\":\"Marina Clinic\",\"description\":\"Marina Clinic \u2013 World-Class Dental Implants, Hollywood Smile, Hair transplant &amp; Cosmetic Dentistry in Turkey\",\"publisher\":{\"@id\":\"https:\\\/\\\/marina-clinic.com\\\/tr\\\/#organization\"},\"potentialAction\":[{\"@type\":\"SearchAction\",\"target\":{\"@type\":\"EntryPoint\",\"urlTemplate\":\"https:\\\/\\\/marina-clinic.com\\\/tr\\\/?s={search_term_string}\"},\"query-input\":{\"@type\":\"PropertyValueSpecification\",\"valueRequired\":true,\"valueName\":\"search_term_string\"}}],\"inLanguage\":\"tr\"},{\"@type\":[\"Organization\",\"Place\"],\"@id\":\"https:\\\/\\\/marina-clinic.com\\\/tr\\\/#organization\",\"name\":\"Marina Clinic\",\"url\":\"https:\\\/\\\/marina-clinic.com\\\/tr\\\/\",\"logo\":{\"@id\":\"https:\\\/\\\/marina-clinic.com\\\/tr\\\/dr-abdullah-emir\\\/#local-main-organization-logo\"},\"image\":{\"@id\":\"https:\\\/\\\/marina-clinic.com\\\/tr\\\/dr-abdullah-emir\\\/#local-main-organization-logo\"},\"telephone\":[],\"openingHoursSpecification\":[{\"@type\":\"OpeningHoursSpecification\",\"dayOfWeek\":[\"Monday\",\"Tuesday\",\"Wednesday\",\"Thursday\",\"Friday\",\"Saturday\",\"Sunday\"],\"opens\":\"09:00\",\"closes\":\"17:00\"}]},{\"@type\":\"ImageObject\",\"inLanguage\":\"tr\",\"@id\":\"https:\\\/\\\/marina-clinic.com\\\/tr\\\/dr-abdullah-emir\\\/#local-main-organization-logo\",\"url\":\"https:\\\/\\\/marina-clinic.com\\\/wp-content\\\/uploads\\\/2025\\\/09\\\/Marina-web-190-70-Logo.png\",\"contentUrl\":\"https:\\\/\\\/marina-clinic.com\\\/wp-content\\\/uploads\\\/2025\\\/09\\\/Marina-web-190-70-Logo.png\",\"width\":190,\"height\":70,\"caption\":\"Marina Clinic\"}]}<\/script>\n<!-- \/ Yoast SEO Premium plugin. -->","yoast_head_json":{"title":"Dr. Abdullah Emir - Marina Clinic","robots":{"index":"index","follow":"follow","max-snippet":"max-snippet:-1","max-image-preview":"max-image-preview:large","max-video-preview":"max-video-preview:-1"},"canonical":"https:\/\/marina-clinic.com\/tr\/dr-abdullah-emir\/","og_locale":"tr_TR","og_type":"article","og_title":"Dr. Abdullah Emir","og_description":"Dr. Abdullah Emir Dr. Abdullah Emir Di\u015f Hekimi Dr. Abdullah Emir, Marina Clinic \u0130stanbul&#8216;da g\u00f6rev","og_url":"https:\/\/marina-clinic.com\/tr\/dr-abdullah-emir\/","og_site_name":"Marina Clinic","article_modified_time":"2025-09-23T16:29:29+00:00","og_image":[{"url":"https:\/\/marina-clinic.com\/wp-content\/uploads\/2025\/09\/4-2.webp","type":"","width":"","height":""}],"twitter_card":"summary_large_image","twitter_misc":{"Tahmini okuma s\u00fcresi":"1 dakika"},"schema":{"@context":"https:\/\/schema.org","@graph":[{"@type":"WebPage","@id":"https:\/\/marina-clinic.com\/tr\/dr-abdullah-emir\/","url":"https:\/\/marina-clinic.com\/tr\/dr-abdullah-emir\/","name":"Dr. Abdullah Emir - Marina Clinic","isPartOf":{"@id":"https:\/\/marina-clinic.com\/tr\/#website"},"primaryImageOfPage":{"@id":"https:\/\/marina-clinic.com\/tr\/dr-abdullah-emir\/#primaryimage"},"image":{"@id":"https:\/\/marina-clinic.com\/tr\/dr-abdullah-emir\/#primaryimage"},"thumbnailUrl":"https:\/\/marina-clinic.com\/wp-content\/uploads\/2025\/09\/4-2.webp","datePublished":"2024-07-17T09:36:41+00:00","dateModified":"2025-09-23T16:29:29+00:00","breadcrumb":{"@id":"https:\/\/marina-clinic.com\/tr\/dr-abdullah-emir\/#breadcrumb"},"inLanguage":"tr","potentialAction":[{"@type":"ReadAction","target":["https:\/\/marina-clinic.com\/tr\/dr-abdullah-emir\/"]}]},{"@type":"ImageObject","inLanguage":"tr","@id":"https:\/\/marina-clinic.com\/tr\/dr-abdullah-emir\/#primaryimage","url":"https:\/\/marina-clinic.com\/wp-content\/uploads\/2025\/09\/4-2.webp","contentUrl":"https:\/\/marina-clinic.com\/wp-content\/uploads\/2025\/09\/4-2.webp"},{"@type":"BreadcrumbList","@id":"https:\/\/marina-clinic.com\/tr\/dr-abdullah-emir\/#breadcrumb","itemListElement":[{"@type":"ListItem","position":1,"name":"Anasayfa","item":"https:\/\/marina-clinic.com\/tr\/"},{"@type":"ListItem","position":2,"name":"Dr. Abdullah Emir"}]},{"@type":"WebSite","@id":"https:\/\/marina-clinic.com\/tr\/#website","url":"https:\/\/marina-clinic.com\/tr\/","name":"Marina Clinic","description":"Marina Clinic \u2013 World-Class Dental Implants, Hollywood Smile, Hair transplant &amp; Cosmetic Dentistry in Turkey","publisher":{"@id":"https:\/\/marina-clinic.com\/tr\/#organization"},"potentialAction":[{"@type":"SearchAction","target":{"@type":"EntryPoint","urlTemplate":"https:\/\/marina-clinic.com\/tr\/?s={search_term_string}"},"query-input":{"@type":"PropertyValueSpecification","valueRequired":true,"valueName":"search_term_string"}}],"inLanguage":"tr"},{"@type":["Organization","Place"],"@id":"https:\/\/marina-clinic.com\/tr\/#organization","name":"Marina Clinic","url":"https:\/\/marina-clinic.com\/tr\/","logo":{"@id":"https:\/\/marina-clinic.com\/tr\/dr-abdullah-emir\/#local-main-organization-logo"},"image":{"@id":"https:\/\/marina-clinic.com\/tr\/dr-abdullah-emir\/#local-main-organization-logo"},"telephone":[],"openingHoursSpecification":[{"@type":"OpeningHoursSpecification","dayOfWeek":["Monday","Tuesday","Wednesday","Thursday","Friday","Saturday","Sunday"],"opens":"09:00","closes":"17:00"}]},{"@type":"ImageObject","inLanguage":"tr","@id":"https:\/\/marina-clinic.com\/tr\/dr-abdullah-emir\/#local-main-organization-logo","url":"https:\/\/marina-clinic.com\/wp-content\/uploads\/2025\/09\/Marina-web-190-70-Logo.png","contentUrl":"https:\/\/marina-clinic.com\/wp-content\/uploads\/2025\/09\/Marina-web-190-70-Logo.png","width":190,"height":70,"caption":"Marina Clinic"}]}},"amp_enabled":true,"_links":{"self":[{"href":"https:\/\/marina-clinic.com\/tr\/wp-json\/wp\/v2\/pages\/9009","targetHints":{"allow":["GET"]}}],"collection":[{"href":"https:\/\/marina-clinic.com\/tr\/wp-json\/wp\/v2\/pages"}],"about":[{"href":"https:\/\/marina-clinic.com\/tr\/wp-json\/wp\/v2\/types\/page"}],"author":[{"embeddable":true,"href":"https:\/\/marina-clinic.com\/tr\/wp-json\/wp\/v2\/users\/1"}],"replies":[{"embeddable":true,"href":"https:\/\/marina-clinic.com\/tr\/wp-json\/wp\/v2\/comments?post=9009"}],"version-history":[{"count":1,"href":"https:\/\/marina-clinic.com\/tr\/wp-json\/wp\/v2\/pages\/9009\/revisions"}],"predecessor-version":[{"id":9010,"href":"https:\/\/marina-clinic.com\/tr\/wp-json\/wp\/v2\/pages\/9009\/revisions\/9010"}],"wp:attachment":[{"href":"https:\/\/marina-clinic.com\/tr\/wp-json\/wp\/v2\/media?parent=9009"}],"curies":[{"name":"wp","href":"https:\/\/api.w.org\/{rel}","templated":true}]}}