{"id":9012,"date":"2024-07-17T09:34:03","date_gmt":"2024-07-17T09:34:03","guid":{"rendered":"https:\/\/marina-clinic.com\/dr-mehmet-yildiz-gungor\/"},"modified":"2025-09-23T16:30:06","modified_gmt":"2025-09-23T16:30:06","slug":"dr-mehmet-yildiz-gungor","status":"publish","type":"page","link":"https:\/\/marina-clinic.com\/tr\/dr-mehmet-yildiz-gungor\/","title":{"rendered":"Dr. Mehmet Y\u0131ld\u0131z G\u00fcng\u00f6r"},"content":{"rendered":"\t\t<div data-elementor-type=\"wp-page\" data-elementor-id=\"9012\" class=\"elementor elementor-9012 elementor-6640\">\n\t\t\t\t<div class=\"elementor-element elementor-element-345b36e e-flex e-con-boxed wpr-particle-no wpr-jarallax-no wpr-parallax-no wpr-sticky-section-no wpr-equal-height-no e-con e-parent\" data-id=\"345b36e\" data-element_type=\"container\" data-settings=\"{&quot;background_background&quot;:&quot;classic&quot;}\">\n\t\t\t\t\t<div class=\"e-con-inner\">\n\t\t<div class=\"elementor-element elementor-element-1b9de9e e-con-full e-flex wpr-particle-no wpr-jarallax-no wpr-parallax-no wpr-sticky-section-no wpr-equal-height-no e-con e-child\" data-id=\"1b9de9e\" data-element_type=\"container\">\n\t\t\t\t<div class=\"elementor-element elementor-element-6c3e5a8 at-heading-animation at-animation-heading-style-2 elementor-widget elementor-widget-heading\" data-id=\"6c3e5a8\" data-element_type=\"widget\" data-settings=\"{&quot;ekit_we_effect_on&quot;:&quot;none&quot;}\" data-widget_type=\"heading.default\">\n\t\t\t\t<div class=\"elementor-widget-container\">\n\t\t\t\t\t<h1 class=\"elementor-heading-title elementor-size-default\"><span>  Dr. Mehmet Y\u0131ld\u0131z g\u00fcng\u00f6r\n <\/span><\/h1>\t\t\t\t<\/div>\n\t\t\t\t<\/div>\n\t\t\t\t<\/div>\n\t\t\t\t\t<\/div>\n\t\t\t\t<\/div>\n\t\t<div class=\"elementor-element elementor-element-40e6618 e-flex e-con-boxed wpr-particle-no wpr-jarallax-no wpr-parallax-no wpr-sticky-section-no wpr-equal-height-no e-con e-parent\" data-id=\"40e6618\" data-element_type=\"container\">\n\t\t\t\t\t<div class=\"e-con-inner\">\n\t\t<div class=\"elementor-element elementor-element-29df123 e-con-full image-anime e-flex wpr-particle-no wpr-jarallax-no wpr-parallax-no wpr-sticky-section-no wpr-equal-height-no e-con e-child\" data-id=\"29df123\" data-element_type=\"container\">\n\t\t\t\t<div class=\"elementor-element elementor-element-30f662b team-member-image at-image-animation at-animation-image-none elementor-widget elementor-widget-image\" data-id=\"30f662b\" data-element_type=\"widget\" data-settings=\"{&quot;ekit_we_effect_on&quot;:&quot;none&quot;}\" data-widget_type=\"image.default\">\n\t\t\t\t<div class=\"elementor-widget-container\">\n\t\t\t\t\t\t\t\t\t\t\t\t\t\t\t<img fetchpriority=\"high\" decoding=\"async\" width=\"900\" height=\"1028\" src=\"https:\/\/marina-clinic.com\/wp-content\/uploads\/2025\/09\/3-3.webp\" class=\"attachment-full size-full wp-image-9011\" alt=\"Marina klini\u011fi\" srcset=\"https:\/\/marina-clinic.com\/wp-content\/uploads\/2025\/09\/3-3.webp 900w, https:\/\/marina-clinic.com\/wp-content\/uploads\/2025\/09\/3-3-263x300.webp 263w, https:\/\/marina-clinic.com\/wp-content\/uploads\/2025\/09\/3-3-896x1024.webp 896w, https:\/\/marina-clinic.com\/wp-content\/uploads\/2025\/09\/3-3-768x877.webp 768w\" sizes=\"(max-width: 900px) 100vw, 900px\" \/>\t\t\t\t\t\t\t\t\t\t\t\t\t\t\t<\/div>\n\t\t\t\t<\/div>\n\t\t\t\t<\/div>\n\t\t<div class=\"elementor-element elementor-element-2fe1ba6 e-con-full e-flex wpr-particle-no wpr-jarallax-no wpr-parallax-no wpr-sticky-section-no wpr-equal-height-no e-con e-child\" data-id=\"2fe1ba6\" data-element_type=\"container\" data-settings=\"{&quot;background_background&quot;:&quot;classic&quot;}\">\n\t\t\t\t<div class=\"elementor-element elementor-element-270bd47 elementor-invisible elementor-widget elementor-widget-icon-box\" data-id=\"270bd47\" data-element_type=\"widget\" data-settings=\"{&quot;_animation&quot;:&quot;fadeInUp&quot;,&quot;ekit_we_effect_on&quot;:&quot;none&quot;}\" data-widget_type=\"icon-box.default\">\n\t\t\t\t<div class=\"elementor-widget-container\">\n\t\t\t\t\t\t\t<div class=\"elementor-icon-box-wrapper\">\n\n\t\t\t\n\t\t\t\t\t\t<div class=\"elementor-icon-box-content\">\n\n\t\t\t\t\t\t\t\t\t<h3 class=\"elementor-icon-box-title\">\n\t\t\t\t\t\t<span  >\n\t\t\t\t\t\t\tDr. Mehmet Y\u0131ld\u0131z G\u00fcng\u00f6r\t\t\t\t\t\t<\/span>\n\t\t\t\t\t<\/h3>\n\t\t\t\t\n\t\t\t\t\t\t\t\t\t<p class=\"elementor-icon-box-description\">\n\t\t\t\t\t\tDi\u015f Hekimi\t\t\t\t\t<\/p>\n\t\t\t\t\n\t\t\t<\/div>\n\t\t\t\n\t\t<\/div>\n\t\t\t\t\t\t<\/div>\n\t\t\t\t<\/div>\n\t\t\t\t<div class=\"elementor-element elementor-element-f91a8de elementor-invisible elementor-widget elementor-widget-text-editor\" data-id=\"f91a8de\" data-element_type=\"widget\" data-settings=\"{&quot;_animation&quot;:&quot;fadeInUp&quot;,&quot;_animation_delay&quot;:100,&quot;ekit_we_effect_on&quot;:&quot;none&quot;}\" data-widget_type=\"text-editor.default\">\n\t\t\t\t<div class=\"elementor-widget-container\">\n\t\t\t\t\t\t\t\t\t<p><strong data-start=\"186\" data-end=\"214\">Dr. Mehmet Y\u0131ld\u0131z G\u00fcng\u00f6r<\/strong>, <strong data-start=\"264\" data-end=\"290\">Marina Clinic \u0130stanbul<\/strong>&#8216;da <strong data-start=\"308\" data-end=\"370\">g\u00fcl\u00fc\u015f tasar\u0131m\u0131, di\u015f esteti\u011fi ve restoratif di\u015f hekimli\u011fi<\/strong> alanlar\u0131nda uzmanla\u015fm\u0131\u015f, son derece yetenekli ve \u015fefkatli bir di\u015f hekimidir. T\u00fcrkiye&#8217;nin en iyi di\u015f hekimli\u011fi e\u011fitimi veren kurumlar\u0131ndan biri olan <strong data-start=\"386\" data-end=\"408\">Atat\u00fcrk \u00dcniversitesi<\/strong> mezunu olan Dr. Mehmet, do\u011fal ve kal\u0131c\u0131 g\u00fcl\u00fc\u015fler yaratmak i\u00e7in hassasiyet, sanatsal yakla\u015f\u0131m ve modern teknikleri bir araya getirmektedir. <\/p>\t\t\t\t\t\t\t\t<\/div>\n\t\t\t\t<\/div>\n\t\t\t\t<\/div>\n\t\t\t\t\t<\/div>\n\t\t\t\t<\/div>\n\t\t<div class=\"elementor-element elementor-element-de4bdb0 e-flex e-con-boxed wpr-particle-no wpr-jarallax-no wpr-parallax-no wpr-sticky-section-no wpr-equal-height-no e-con e-parent\" data-id=\"de4bdb0\" data-element_type=\"container\">\n\t\t\t\t\t<div class=\"e-con-inner\">\n\t\t<div class=\"elementor-element elementor-element-e74c1c2 e-con-full e-flex wpr-particle-no wpr-jarallax-no wpr-parallax-no wpr-sticky-section-no wpr-equal-height-no e-con e-child\" data-id=\"e74c1c2\" data-element_type=\"container\">\n\t\t<div class=\"elementor-element elementor-element-96f6b35 e-con-full e-flex wpr-particle-no wpr-jarallax-no wpr-parallax-no wpr-sticky-section-no wpr-equal-height-no e-con e-child\" data-id=\"96f6b35\" data-element_type=\"container\">\n\t\t<div class=\"elementor-element elementor-element-be264b9 e-con-full e-flex wpr-particle-no wpr-jarallax-no wpr-parallax-no wpr-sticky-section-no wpr-equal-height-no e-con e-child\" data-id=\"be264b9\" data-element_type=\"container\">\n\t\t\t\t<div class=\"elementor-element elementor-element-5bd0b0e at-heading-animation at-animation-heading-none elementor-invisible elementor-widget elementor-widget-heading\" data-id=\"5bd0b0e\" data-element_type=\"widget\" data-settings=\"{&quot;_animation&quot;:&quot;fadeInUp&quot;,&quot;ekit_we_effect_on&quot;:&quot;none&quot;}\" data-widget_type=\"heading.default\">\n\t\t\t\t<div class=\"elementor-widget-container\">\n\t\t\t\t\t<h2 class=\"elementor-heading-title elementor-size-default\">Ki\u015fisel bilgiler<\/h2>\t\t\t\t<\/div>\n\t\t\t\t<\/div>\n\t\t\t\t<div class=\"elementor-element elementor-element-8a65bad elementor-invisible elementor-widget elementor-widget-text-editor\" data-id=\"8a65bad\" data-element_type=\"widget\" data-settings=\"{&quot;_animation&quot;:&quot;fadeInUp&quot;,&quot;_animation_delay&quot;:100,&quot;ekit_we_effect_on&quot;:&quot;none&quot;}\" data-widget_type=\"text-editor.default\">\n\t\t\t\t<div class=\"elementor-widget-container\">\n\t\t\t\t\t\t\t\t\t<h3 data-start=\"571\" data-end=\"595\">Uzmanl\u0131k alanlar\u0131<\/h3><p data-start=\"596\" data-end=\"676\">Dr. Mehmet, <strong data-start=\"599\" data-end=\"616\">Marina Clinic<\/strong>&#8216;te a\u015fa\u011f\u0131daki kapsaml\u0131 tedavileri sunmaktad\u0131r:<\/p><ul data-start=\"677\" data-end=\"1057\"><li data-start=\"677\" data-end=\"763\"><p data-start=\"679\" data-end=\"763\"><strong data-start=\"679\" data-end=\"707\">Di\u015f Dolgular\u0131 ve Kronlar<\/strong> \u2013 Hasarl\u0131 di\u015flere g\u00fc\u00e7 ve estetik kazand\u0131rma.<\/p><\/li><li data-start=\"764\" data-end=\"870\"><p data-start=\"766\" data-end=\"870\"><strong data-start=\"766\" data-end=\"808\">G\u00fcl\u00fc\u015f Tasar\u0131m\u0131 ve Dijital G\u00fcl\u00fc\u015f Tasar\u0131m\u0131<\/strong> \u2013 Hollywood G\u00fcl\u00fc\u015f\u00fc d\u00f6n\u00fc\u015f\u00fcmleri i\u00e7in \u00f6zelle\u015ftirilmi\u015f \u00e7\u00f6z\u00fcmler.<\/p><\/li><li data-start=\"871\" data-end=\"963\"><p data-start=\"873\" data-end=\"963\"><strong data-start=\"873\" data-end=\"902\">Laminalar ve Di\u015f Beyazlatma<\/strong> \u2013 \u00d6zg\u00fcvenli bir g\u00fcl\u00fc\u015f i\u00e7in parlakl\u0131k ve simetriyi art\u0131rma.<\/p><\/li><li data-start=\"964\" data-end=\"1057\"><p data-start=\"966\" data-end=\"1057\"><strong data-start=\"966\" data-end=\"1000\">Geli\u015fmi\u015f G\u00f6r\u00fcnt\u00fcleme ve Te\u015fhis<\/strong> \u2013 Her ad\u0131mda do\u011fruluk ve hasta konforunu sa\u011flama.<\/p><\/li><\/ul><h3 data-start=\"1059\" data-end=\"1090\">Hasta odakl\u0131 yakla\u015f\u0131m<\/h3><p data-start=\"1091\" data-end=\"1358\">Nazik tekni\u011fi ve detaylara g\u00f6sterdi\u011fi \u00f6zenle tan\u0131nan Dr. Mehmet, her hastan\u0131n tedavi s\u0131ras\u0131nda kendini rahat<br>hissetmesini sa\u011flar. \u0130\u015flevselli\u011fi estetikle birle\u015ftirme yetene\u011fi, hem sa\u011fl\u0131kl\u0131 hem de g\u00fczel g\u00fcl\u00fc\u015fler yaratma<br>konusundaki \u00fcn\u00fcn kazanmas\u0131n\u0131 sa\u011flam\u0131\u015ft\u0131r. <\/p><h3 data-start=\"1360\" data-end=\"1383\">S\u00fcrekli geli\u015fim<\/h3><p data-start=\"1384\" data-end=\"1688\">Dr. Mehmet, s\u00fcrekli mesleki geli\u015fime adanm\u0131\u015f olup,<br><strong data-start=\"1487\" data-end=\"1559\">kozmetik di\u015f hekimli\u011fi, dijital di\u015f hekimli\u011fi ve di\u015f implant\u0131 teknikleri<\/strong> alanlar\u0131ndaki en son yenilikleri takip etmektedir. Amac\u0131, <strong data-start=\"1654\" data-end=\"1685\">T\u00fcrkiye&#8217;de di\u015f tedavisi<\/strong> arayan hem yerel hem de uluslararas\u0131 hastalara d\u00fcnya standartlar\u0131nda sonu\u00e7lar sunmakt\u0131r. <\/p><p data-start=\"1690\" data-end=\"1916\">\u2728 Y\u0131llar\u0131n deneyimi ve m\u00fckemmeliyete olan tutkusuyla <strong data-start=\"1747\" data-end=\"1775\">Dr. Mehmet Y\u0131ld\u0131z G\u00fcng\u00f6r<\/strong>, <strong data-start=\"1829\" data-end=\"1846\">Marina Clinic<\/strong>&#8216;i T\u00fcrkiye&#8217;nin di\u015f ve estetik bak\u0131m konusunda en g\u00fcvenilir kliniklerinden biri yapan uzmanl\u0131\u011f\u0131 ve profesyonelli\u011fi temsil etmektedir.<\/p>\t\t\t\t\t\t\t\t<\/div>\n\t\t\t\t<\/div>\n\t\t\t\t<\/div>\n\t\t\t\t<\/div>\n\t\t\t\t<\/div>\n\t\t\t\t\t<\/div>\n\t\t\t\t<\/div>\n\t\t\t\t<\/div>\n\t\t","protected":false},"excerpt":{"rendered":"<p>Dr. Mehmet Y\u0131ld\u0131z g\u00fcng\u00f6r Dr. Mehmet Y\u0131ld\u0131z G\u00fcng\u00f6r Di\u015f Hekimi Dr. Mehmet Y\u0131ld\u0131z G\u00fcng\u00f6r, Marina<\/p>\n","protected":false},"author":1,"featured_media":0,"parent":0,"menu_order":0,"comment_status":"closed","ping_status":"closed","template":"elementor_header_footer","meta":{"footnotes":""},"class_list":["post-9012","page","type-page","status-publish","hentry"],"yoast_head":"<!-- This site is optimized with the Yoast SEO Premium plugin v27.5 (Yoast SEO v27.5) - https:\/\/yoast.com\/product\/yoast-seo-premium-wordpress\/ -->\n<title>Dr. Mehmet Y\u0131ld\u0131z G\u00fcng\u00f6r - Marina Clinic<\/title>\n<meta name=\"robots\" content=\"index, follow, max-snippet:-1, max-image-preview:large, max-video-preview:-1\" \/>\n<link rel=\"canonical\" href=\"https:\/\/marina-clinic.com\/tr\/dr-mehmet-yildiz-gungor\/\" \/>\n<meta property=\"og:locale\" content=\"tr_TR\" \/>\n<meta property=\"og:type\" content=\"article\" \/>\n<meta property=\"og:title\" content=\"Dr. Mehmet Y\u0131ld\u0131z G\u00fcng\u00f6r\" \/>\n<meta property=\"og:description\" content=\"Dr. Mehmet Y\u0131ld\u0131z g\u00fcng\u00f6r Dr. Mehmet Y\u0131ld\u0131z G\u00fcng\u00f6r Di\u015f Hekimi Dr. Mehmet Y\u0131ld\u0131z G\u00fcng\u00f6r, Marina\" \/>\n<meta property=\"og:url\" content=\"https:\/\/marina-clinic.com\/tr\/dr-mehmet-yildiz-gungor\/\" \/>\n<meta property=\"og:site_name\" content=\"Marina Clinic\" \/>\n<meta property=\"article:modified_time\" content=\"2025-09-23T16:30:06+00:00\" \/>\n<meta property=\"og:image\" content=\"https:\/\/marina-clinic.com\/wp-content\/uploads\/2025\/09\/3-3.webp\" \/>\n<meta name=\"twitter:card\" content=\"summary_large_image\" \/>\n<meta name=\"twitter:label1\" content=\"Tahmini okuma s\u00fcresi\" \/>\n\t<meta name=\"twitter:data1\" content=\"2 dakika\" \/>\n<script type=\"application\/ld+json\" class=\"yoast-schema-graph\">{\"@context\":\"https:\\\/\\\/schema.org\",\"@graph\":[{\"@type\":\"WebPage\",\"@id\":\"https:\\\/\\\/marina-clinic.com\\\/tr\\\/dr-mehmet-yildiz-gungor\\\/\",\"url\":\"https:\\\/\\\/marina-clinic.com\\\/tr\\\/dr-mehmet-yildiz-gungor\\\/\",\"name\":\"Dr. Mehmet Y\u0131ld\u0131z G\u00fcng\u00f6r - Marina Clinic\",\"isPartOf\":{\"@id\":\"https:\\\/\\\/marina-clinic.com\\\/tr\\\/#website\"},\"primaryImageOfPage\":{\"@id\":\"https:\\\/\\\/marina-clinic.com\\\/tr\\\/dr-mehmet-yildiz-gungor\\\/#primaryimage\"},\"image\":{\"@id\":\"https:\\\/\\\/marina-clinic.com\\\/tr\\\/dr-mehmet-yildiz-gungor\\\/#primaryimage\"},\"thumbnailUrl\":\"https:\\\/\\\/marina-clinic.com\\\/wp-content\\\/uploads\\\/2025\\\/09\\\/3-3.webp\",\"datePublished\":\"2024-07-17T09:34:03+00:00\",\"dateModified\":\"2025-09-23T16:30:06+00:00\",\"breadcrumb\":{\"@id\":\"https:\\\/\\\/marina-clinic.com\\\/tr\\\/dr-mehmet-yildiz-gungor\\\/#breadcrumb\"},\"inLanguage\":\"tr\",\"potentialAction\":[{\"@type\":\"ReadAction\",\"target\":[\"https:\\\/\\\/marina-clinic.com\\\/tr\\\/dr-mehmet-yildiz-gungor\\\/\"]}]},{\"@type\":\"ImageObject\",\"inLanguage\":\"tr\",\"@id\":\"https:\\\/\\\/marina-clinic.com\\\/tr\\\/dr-mehmet-yildiz-gungor\\\/#primaryimage\",\"url\":\"https:\\\/\\\/marina-clinic.com\\\/wp-content\\\/uploads\\\/2025\\\/09\\\/3-3.webp\",\"contentUrl\":\"https:\\\/\\\/marina-clinic.com\\\/wp-content\\\/uploads\\\/2025\\\/09\\\/3-3.webp\"},{\"@type\":\"BreadcrumbList\",\"@id\":\"https:\\\/\\\/marina-clinic.com\\\/tr\\\/dr-mehmet-yildiz-gungor\\\/#breadcrumb\",\"itemListElement\":[{\"@type\":\"ListItem\",\"position\":1,\"name\":\"Anasayfa\",\"item\":\"https:\\\/\\\/marina-clinic.com\\\/tr\\\/\"},{\"@type\":\"ListItem\",\"position\":2,\"name\":\"Dr. Mehmet Y\u0131ld\u0131z G\u00fcng\u00f6r\"}]},{\"@type\":\"WebSite\",\"@id\":\"https:\\\/\\\/marina-clinic.com\\\/tr\\\/#website\",\"url\":\"https:\\\/\\\/marina-clinic.com\\\/tr\\\/\",\"name\":\"Marina Clinic\",\"description\":\"Marina Clinic \u2013 World-Class Dental Implants, Hollywood Smile, Hair transplant &amp; Cosmetic Dentistry in Turkey\",\"publisher\":{\"@id\":\"https:\\\/\\\/marina-clinic.com\\\/tr\\\/#organization\"},\"potentialAction\":[{\"@type\":\"SearchAction\",\"target\":{\"@type\":\"EntryPoint\",\"urlTemplate\":\"https:\\\/\\\/marina-clinic.com\\\/tr\\\/?s={search_term_string}\"},\"query-input\":{\"@type\":\"PropertyValueSpecification\",\"valueRequired\":true,\"valueName\":\"search_term_string\"}}],\"inLanguage\":\"tr\"},{\"@type\":[\"Organization\",\"Place\"],\"@id\":\"https:\\\/\\\/marina-clinic.com\\\/tr\\\/#organization\",\"name\":\"Marina Clinic\",\"url\":\"https:\\\/\\\/marina-clinic.com\\\/tr\\\/\",\"logo\":{\"@id\":\"https:\\\/\\\/marina-clinic.com\\\/tr\\\/dr-mehmet-yildiz-gungor\\\/#local-main-organization-logo\"},\"image\":{\"@id\":\"https:\\\/\\\/marina-clinic.com\\\/tr\\\/dr-mehmet-yildiz-gungor\\\/#local-main-organization-logo\"},\"telephone\":[],\"openingHoursSpecification\":[{\"@type\":\"OpeningHoursSpecification\",\"dayOfWeek\":[\"Monday\",\"Tuesday\",\"Wednesday\",\"Thursday\",\"Friday\",\"Saturday\",\"Sunday\"],\"opens\":\"09:00\",\"closes\":\"17:00\"}]},{\"@type\":\"ImageObject\",\"inLanguage\":\"tr\",\"@id\":\"https:\\\/\\\/marina-clinic.com\\\/tr\\\/dr-mehmet-yildiz-gungor\\\/#local-main-organization-logo\",\"url\":\"https:\\\/\\\/marina-clinic.com\\\/wp-content\\\/uploads\\\/2025\\\/09\\\/Marina-web-190-70-Logo.png\",\"contentUrl\":\"https:\\\/\\\/marina-clinic.com\\\/wp-content\\\/uploads\\\/2025\\\/09\\\/Marina-web-190-70-Logo.png\",\"width\":190,\"height\":70,\"caption\":\"Marina Clinic\"}]}<\/script>\n<!-- \/ Yoast SEO Premium plugin. -->","yoast_head_json":{"title":"Dr. Mehmet Y\u0131ld\u0131z G\u00fcng\u00f6r - Marina Clinic","robots":{"index":"index","follow":"follow","max-snippet":"max-snippet:-1","max-image-preview":"max-image-preview:large","max-video-preview":"max-video-preview:-1"},"canonical":"https:\/\/marina-clinic.com\/tr\/dr-mehmet-yildiz-gungor\/","og_locale":"tr_TR","og_type":"article","og_title":"Dr. Mehmet Y\u0131ld\u0131z G\u00fcng\u00f6r","og_description":"Dr. Mehmet Y\u0131ld\u0131z g\u00fcng\u00f6r Dr. Mehmet Y\u0131ld\u0131z G\u00fcng\u00f6r Di\u015f Hekimi Dr. Mehmet Y\u0131ld\u0131z G\u00fcng\u00f6r, Marina","og_url":"https:\/\/marina-clinic.com\/tr\/dr-mehmet-yildiz-gungor\/","og_site_name":"Marina Clinic","article_modified_time":"2025-09-23T16:30:06+00:00","og_image":[{"url":"https:\/\/marina-clinic.com\/wp-content\/uploads\/2025\/09\/3-3.webp","type":"","width":"","height":""}],"twitter_card":"summary_large_image","twitter_misc":{"Tahmini okuma s\u00fcresi":"2 dakika"},"schema":{"@context":"https:\/\/schema.org","@graph":[{"@type":"WebPage","@id":"https:\/\/marina-clinic.com\/tr\/dr-mehmet-yildiz-gungor\/","url":"https:\/\/marina-clinic.com\/tr\/dr-mehmet-yildiz-gungor\/","name":"Dr. Mehmet Y\u0131ld\u0131z G\u00fcng\u00f6r - Marina Clinic","isPartOf":{"@id":"https:\/\/marina-clinic.com\/tr\/#website"},"primaryImageOfPage":{"@id":"https:\/\/marina-clinic.com\/tr\/dr-mehmet-yildiz-gungor\/#primaryimage"},"image":{"@id":"https:\/\/marina-clinic.com\/tr\/dr-mehmet-yildiz-gungor\/#primaryimage"},"thumbnailUrl":"https:\/\/marina-clinic.com\/wp-content\/uploads\/2025\/09\/3-3.webp","datePublished":"2024-07-17T09:34:03+00:00","dateModified":"2025-09-23T16:30:06+00:00","breadcrumb":{"@id":"https:\/\/marina-clinic.com\/tr\/dr-mehmet-yildiz-gungor\/#breadcrumb"},"inLanguage":"tr","potentialAction":[{"@type":"ReadAction","target":["https:\/\/marina-clinic.com\/tr\/dr-mehmet-yildiz-gungor\/"]}]},{"@type":"ImageObject","inLanguage":"tr","@id":"https:\/\/marina-clinic.com\/tr\/dr-mehmet-yildiz-gungor\/#primaryimage","url":"https:\/\/marina-clinic.com\/wp-content\/uploads\/2025\/09\/3-3.webp","contentUrl":"https:\/\/marina-clinic.com\/wp-content\/uploads\/2025\/09\/3-3.webp"},{"@type":"BreadcrumbList","@id":"https:\/\/marina-clinic.com\/tr\/dr-mehmet-yildiz-gungor\/#breadcrumb","itemListElement":[{"@type":"ListItem","position":1,"name":"Anasayfa","item":"https:\/\/marina-clinic.com\/tr\/"},{"@type":"ListItem","position":2,"name":"Dr. Mehmet Y\u0131ld\u0131z G\u00fcng\u00f6r"}]},{"@type":"WebSite","@id":"https:\/\/marina-clinic.com\/tr\/#website","url":"https:\/\/marina-clinic.com\/tr\/","name":"Marina Clinic","description":"Marina Clinic \u2013 World-Class Dental Implants, Hollywood Smile, Hair transplant &amp; Cosmetic Dentistry in Turkey","publisher":{"@id":"https:\/\/marina-clinic.com\/tr\/#organization"},"potentialAction":[{"@type":"SearchAction","target":{"@type":"EntryPoint","urlTemplate":"https:\/\/marina-clinic.com\/tr\/?s={search_term_string}"},"query-input":{"@type":"PropertyValueSpecification","valueRequired":true,"valueName":"search_term_string"}}],"inLanguage":"tr"},{"@type":["Organization","Place"],"@id":"https:\/\/marina-clinic.com\/tr\/#organization","name":"Marina Clinic","url":"https:\/\/marina-clinic.com\/tr\/","logo":{"@id":"https:\/\/marina-clinic.com\/tr\/dr-mehmet-yildiz-gungor\/#local-main-organization-logo"},"image":{"@id":"https:\/\/marina-clinic.com\/tr\/dr-mehmet-yildiz-gungor\/#local-main-organization-logo"},"telephone":[],"openingHoursSpecification":[{"@type":"OpeningHoursSpecification","dayOfWeek":["Monday","Tuesday","Wednesday","Thursday","Friday","Saturday","Sunday"],"opens":"09:00","closes":"17:00"}]},{"@type":"ImageObject","inLanguage":"tr","@id":"https:\/\/marina-clinic.com\/tr\/dr-mehmet-yildiz-gungor\/#local-main-organization-logo","url":"https:\/\/marina-clinic.com\/wp-content\/uploads\/2025\/09\/Marina-web-190-70-Logo.png","contentUrl":"https:\/\/marina-clinic.com\/wp-content\/uploads\/2025\/09\/Marina-web-190-70-Logo.png","width":190,"height":70,"caption":"Marina Clinic"}]}},"amp_enabled":true,"_links":{"self":[{"href":"https:\/\/marina-clinic.com\/tr\/wp-json\/wp\/v2\/pages\/9012","targetHints":{"allow":["GET"]}}],"collection":[{"href":"https:\/\/marina-clinic.com\/tr\/wp-json\/wp\/v2\/pages"}],"about":[{"href":"https:\/\/marina-clinic.com\/tr\/wp-json\/wp\/v2\/types\/page"}],"author":[{"embeddable":true,"href":"https:\/\/marina-clinic.com\/tr\/wp-json\/wp\/v2\/users\/1"}],"replies":[{"embeddable":true,"href":"https:\/\/marina-clinic.com\/tr\/wp-json\/wp\/v2\/comments?post=9012"}],"version-history":[{"count":1,"href":"https:\/\/marina-clinic.com\/tr\/wp-json\/wp\/v2\/pages\/9012\/revisions"}],"predecessor-version":[{"id":9014,"href":"https:\/\/marina-clinic.com\/tr\/wp-json\/wp\/v2\/pages\/9012\/revisions\/9014"}],"wp:attachment":[{"href":"https:\/\/marina-clinic.com\/tr\/wp-json\/wp\/v2\/media?parent=9012"}],"curies":[{"name":"wp","href":"https:\/\/api.w.org\/{rel}","templated":true}]}}